{"id":1703,"date":"2023-07-18T13:28:49","date_gmt":"2023-07-18T13:28:49","guid":{"rendered":"http:\/\/yxwool.com\/?post_type=product&#038;p=1703"},"modified":"2023-08-01T03:34:31","modified_gmt":"2023-08-01T03:34:31","slug":"1703","status":"publish","type":"product","link":"https:\/\/yxwool.com\/fr\/produit\/1703\/","title":{"rendered":"Silicate de calcium 650\u2103\/1050\u2103"},"content":{"rendered":"<p><strong>Silicate de calcium<\/strong>\u00a0est un type de mat\u00e9riaux isolants rigides \u00e0 structure microporeuse, utilise de l&#039;oxyde de silicium, de l&#039;oxyde de calcium et des fibres de renforcement comme principales mati\u00e8res premi\u00e8res, fabriqu\u00e9 par m\u00e9lange, chauffage, g\u00e9lification, moulage, v\u00ealage automatique et processus de s\u00e9chage. Il est connu comme la stabilit\u00e9 \u00e0 diff\u00e9rentes temp\u00e9ratures, sans amiante et hautes propri\u00e9t\u00e9s d&#039;isolation thermique \u00e0 <strong><b>650<\/b><\/strong><strong><b>\u2103<\/b><\/strong><strong><b>,10<\/b><\/strong><strong><b>50\u2103<\/b><\/strong>.<\/p>\n<p><strong><b>Caract\u00e9ristique<\/b><\/strong><\/p>\n<ol>\n<li>Haute r\u00e9sistance : le plus solide parmi les mat\u00e9riaux d&#039;isolation thermique inorganiques avec une densit\u00e9 similaire.<\/li>\n<li>Thermor\u00e9sistance : Non d\u00e9formation \u00e0 la temp\u00e9rature d&#039;utilisation.<\/li>\n<li>Isolation thermique : conductivit\u00e9 thermique inf\u00e9rieure \u00e0 celle des autres mat\u00e9riaux d&#039;isolation thermique en masse dure.<\/li>\n<li>.Amiante \u2013 sans.<\/li>\n<\/ol>\n<p><strong><b>Applications<\/b><\/strong><strong><b><br \/>\n<\/b><\/strong>\u00a0\u00a0 Le silicate de calcium est recommand\u00e9 comme isolant thermique dans les po\u00eales, les habitations troglodytiques des aci\u00e9ries, la p\u00e9trochimie, la c\u00e9ramique, le verre, les industries du ciment ainsi que divers autres \u00e9quipements de chauffage auxiliaires.<\/p>\n<p><img fetchpriority=\"high\" decoding=\"async\" class=\"alignleft size-full wp-image-1705\" src=\"http:\/\/yxwool.com\/wp-content\/uploads\/2023\/07\/\u5fae\u4fe1\u622a\u56fe_20230718212758.jpg\" alt=\"\" width=\"1450\" height=\"351\" srcset=\"https:\/\/yxwool.com\/wp-content\/uploads\/2023\/07\/\u5fae\u4fe1\u622a\u56fe_20230718212758.jpg 1450w, https:\/\/yxwool.com\/wp-content\/uploads\/2023\/07\/\u5fae\u4fe1\u622a\u56fe_20230718212758-300x73.jpg 300w, https:\/\/yxwool.com\/wp-content\/uploads\/2023\/07\/\u5fae\u4fe1\u622a\u56fe_20230718212758-1024x248.jpg 1024w, https:\/\/yxwool.com\/wp-content\/uploads\/2023\/07\/\u5fae\u4fe1\u622a\u56fe_20230718212758-768x186.jpg 768w, https:\/\/yxwool.com\/wp-content\/uploads\/2023\/07\/\u5fae\u4fe1\u622a\u56fe_20230718212758-600x145.jpg 600w\" sizes=\"(max-width: 1450px) 100vw, 1450px\" \/><\/p>\n<p><strong><b>Silicate de calcium sans amiante 10<\/b><\/strong><strong><b>50<\/b><\/strong><strong><b>\u2103<\/b><\/strong><\/p>\n<table>\n<tbody>\n<tr>\n<td width=\"370\">Article<\/td>\n<td width=\"141\">Unit\u00e9<\/td>\n<td width=\"234\">YX-220<\/td>\n<td width=\"260\">YX-270<\/td>\n<td width=\"260\">YX-400<\/td>\n<\/tr>\n<tr>\n<td width=\"370\">Densit\u00e9 apparente<\/td>\n<td width=\"141\">Kg\/m3<\/td>\n<td width=\"234\">220\u00b110%<\/td>\n<td width=\"260\">270\u00b110%<\/td>\n<td width=\"260\">400\u00b110%<\/td>\n<\/tr>\n<tr>\n<td width=\"370\">R\u00e9sistance \u00e0 la flexion (min.)<\/td>\n<td width=\"141\">MPa<\/td>\n<td width=\"234\">\u22650.4<\/td>\n<td width=\"260\">\u22650.6<\/td>\n<td width=\"260\">\u22652<\/td>\n<\/tr>\n<tr>\n<td width=\"370\">R\u00e9sistance \u00e0 la compression \u00e0 la d\u00e9formation 5%<\/td>\n<td width=\"141\">MPa<\/td>\n<td width=\"234\">\u22650.8<\/td>\n<td width=\"260\">\u22651.2<\/td>\n<td width=\"260\">\u22654.5<\/td>\n<\/tr>\n<tr>\n<td width=\"370\">Retrait lin\u00e9aire (max.) apr\u00e8s chauffage pendant 16h \u00e0 1000\u2103<\/td>\n<td width=\"141\">%<\/td>\n<td width=\"234\">\u22642<\/td>\n<td width=\"260\">\u22642<\/td>\n<td width=\"260\">\u22641 (1000\u2103\/3h)<\/td>\n<\/tr>\n<tr>\n<td width=\"370\">Conductivit\u00e9 thermique (max.)<\/td>\n<td rowspan=\"2\" width=\"141\">W\/mk<\/td>\n<td rowspan=\"2\" width=\"234\">\u22640.05+0.00011t<\/td>\n<td rowspan=\"2\" width=\"260\">\u22640.060+0.00011t<\/td>\n<td rowspan=\"2\" width=\"260\">0.048<\/td>\n<\/tr>\n<tr>\n<td width=\"370\">(moyenne temp.70\u2103)<\/td>\n<\/tr>\n<tr>\n<td width=\"370\">Temp\u00e9rature de service (max.)<\/td>\n<td width=\"141\">\u2103<\/td>\n<td width=\"234\">1050<\/td>\n<td width=\"260\">1050<\/td>\n<td width=\"260\">1050<\/td>\n<\/tr>\n<\/tbody>\n<\/table>\n<p><strong><b>Sp\u00e9cification (silicate de calcium 1050\u2103)<\/b><\/strong><\/p>\n<table>\n<tbody>\n<tr>\n<td width=\"144\">Conseil<\/td>\n<td width=\"363\">&nbsp;<\/p>\n<p>Longueur *Largeur(mm)<\/p>\n<p>&nbsp;<\/td>\n<td width=\"378\">600*300<\/p>\n<p>610*300<\/p>\n<p>1000*1000<\/p>\n<p>1000*500<\/p>\n<p>1080*950<\/p>\n<p>1260*1230<\/p>\n<p>1260*610<\/td>\n<td width=\"174\">\u00c9paisseur<\/td>\n<td width=\"212\">25-140mm<\/td>\n<\/tr>\n<\/tbody>\n<\/table>\n<p><strong><b>Silicate de calcium sans amiante 650\u2103<\/b><\/strong><strong><b>\u00a0<\/b><\/strong><\/p>\n<table>\n<tbody>\n<tr>\n<td width=\"383\">(Article)<\/td>\n<td width=\"132\">(Unit\u00e9)<\/td>\n<td width=\"264\">YX-170<\/td>\n<td width=\"256\">YX-220<\/td>\n<td width=\"268\">YX-240<\/td>\n<\/tr>\n<tr>\n<td width=\"383\">Densit\u00e9 apparente (max.)<\/td>\n<td width=\"132\">Kg\/m3<\/td>\n<td width=\"264\">170<\/td>\n<td width=\"256\">220<\/td>\n<td width=\"268\">240<\/td>\n<\/tr>\n<tr>\n<td width=\"383\">R\u00e9sistance \u00e0 la flexion (min.)<\/td>\n<td width=\"132\">MPa<\/td>\n<td width=\"264\">\u22650.25<\/td>\n<td width=\"256\">\u22650.3<\/td>\n<td width=\"268\">\u22650.35<\/td>\n<\/tr>\n<tr>\n<td width=\"383\">R\u00e9sistance \u00e0 la compression \u00e0 la d\u00e9formation 5%<\/td>\n<td width=\"132\">MPa<\/td>\n<td width=\"264\">\u22650.4<\/td>\n<td width=\"256\">\u22650.5<\/td>\n<td width=\"268\">\u22650.5<\/td>\n<\/tr>\n<tr>\n<td width=\"383\">Retrait lin\u00e9aire (max.) apr\u00e8s chauffage pendant 16h \u00e0 650\u2103<\/td>\n<td width=\"132\">%<\/td>\n<td width=\"264\">\u22642<\/td>\n<td width=\"256\">\u22642<\/td>\n<td width=\"268\">\u22642<\/td>\n<\/tr>\n<tr>\n<td width=\"383\">Conductivit\u00e9 thermique (max.)<\/td>\n<td rowspan=\"2\" width=\"132\">W\/mk<\/td>\n<td rowspan=\"2\" width=\"264\">0,058+0,00011t<\/td>\n<td rowspan=\"2\" width=\"256\">0,062+0,00011t<\/td>\n<td rowspan=\"2\" width=\"268\">0,062+0,00011t<\/td>\n<\/tr>\n<tr>\n<td width=\"383\">(moyenne temp.70\u2103)<\/td>\n<\/tr>\n<tr>\n<td width=\"383\">Temp\u00e9rature de service (max.)<\/td>\n<td width=\"132\">\u2103<\/td>\n<td width=\"264\">650<\/td>\n<td width=\"256\">650<\/td>\n<td width=\"268\">650<\/td>\n<\/tr>\n<tr>\n<td width=\"383\">teneur en humidit\u00e9 (max.)<\/td>\n<td width=\"132\">%<\/td>\n<td width=\"264\">\u22647.5<\/td>\n<td width=\"256\">\u22647.5<\/td>\n<td width=\"268\">\u22647.5<\/td>\n<\/tr>\n<\/tbody>\n<\/table>\n<p><strong><b>sp\u00e9cification<\/b><\/strong><strong><b>\u00a0(<\/b><\/strong><strong><b>\u00a0Silicate de calcium <\/b><\/strong><strong><b>6<\/b><\/strong><strong><b>50\u2103)<\/b><\/strong><\/p>\n<table>\n<tbody>\n<tr>\n<td width=\"136\">Tuyau<\/td>\n<td width=\"191\">Diam\u00e8tre int\u00e9rieur<\/td>\n<td width=\"220\">22-610mm<\/td>\n<td width=\"164\">\u00c9paisseur<\/td>\n<td width=\"174\">25 -100mm<\/td>\n<td width=\"206\">Longueur<\/td>\n<td width=\"210\">600mm<\/td>\n<\/tr>\n<tr>\n<td width=\"136\">Conseil<\/td>\n<td colspan=\"2\" width=\"411\">&nbsp;<\/p>\n<p>Longueur *Largeur (mm)<\/p>\n<p>&nbsp;<\/td>\n<td colspan=\"2\" width=\"338\">&nbsp;<\/p>\n<p>600*300<\/p>\n<p>&nbsp;<\/td>\n<td width=\"206\">\u00c9paisseur<\/td>\n<td width=\"210\">25-140mm<\/td>\n<\/tr>\n<\/tbody>\n<\/table>\n<p>&nbsp;<\/p>","protected":false},"excerpt":{"rendered":"<p>Le silicate de calcium est un mat\u00e9riau isolant rigide \u00e0 structure microporeuse. Il utilise principalement de l&#039;oxyde de silicium, de l&#039;oxyde de calcium et des fibres de renfort. Il est fabriqu\u00e9 par m\u00e9lange, chauffage, g\u00e9lification, moulage, auto-v\u00ealage et s\u00e9chage. Il est reconnu pour sa stabilit\u00e9 \u00e0 diff\u00e9rentes temp\u00e9ratures, son absence d&#039;amiante et ses excellentes propri\u00e9t\u00e9s d&#039;isolation thermique (650 \u00b0C, 1050 \u00b0C). Caract\u00e9ristiques\u00a0: Haute r\u00e9sistance\u00a0: le plus r\u00e9sistant [\u2026]<\/p>","protected":false},"featured_media":1704,"template":"","meta":{"site-sidebar-layout":"default","site-content-layout":"default","ast-site-content-layout":"","site-content-style":"default","site-sidebar-style":"default","ast-global-header-display":"","ast-banner-title-visibility":"","ast-main-header-display":"","ast-hfb-above-header-display":"","ast-hfb-below-header-display":"","ast-hfb-mobile-header-display":"","site-post-title":"","ast-breadcrumbs-content":"","ast-featured-img":"","footer-sml-layout":"","theme-transparent-header-meta":"default","adv-header-id-meta":"","stick-header-meta":"","header-above-stick-meta":"","header-main-stick-meta":"","header-below-stick-meta":"","astra-migrate-meta-layouts":"default","ast-page-background-enabled":"default","ast-page-background-meta":{"desktop":{"background-color":"","background-image":"","background-repeat":"repeat","background-position":"center center","background-size":"auto","background-attachment":"scroll","background-type":"","background-media":"","overlay-type":"","overlay-color":"","overlay-opacity":"","overlay-gradient":""},"tablet":{"background-color":"","background-image":"","background-repeat":"repeat","background-position":"center center","background-size":"auto","background-attachment":"scroll","background-type":"","background-media":"","overlay-type":"","overlay-color":"","overlay-opacity":"","overlay-gradient":""},"mobile":{"background-color":"","background-image":"","background-repeat":"repeat","background-position":"center center","background-size":"auto","background-attachment":"scroll","background-type":"","background-media":"","overlay-type":"","overlay-color":"","overlay-opacity":"","overlay-gradient":""}},"ast-content-background-meta":{"desktop":{"background-color":"var(--ast-global-color-5)","background-image":"","background-repeat":"repeat","background-position":"center center","background-size":"auto","background-attachment":"scroll","background-type":"","background-media":"","overlay-type":"","overlay-color":"","overlay-opacity":"","overlay-gradient":""},"tablet":{"background-color":"var(--ast-global-color-5)","background-image":"","background-repeat":"repeat","background-position":"center center","background-size":"auto","background-attachment":"scroll","background-type":"","background-media":"","overlay-type":"","overlay-color":"","overlay-opacity":"","overlay-gradient":""},"mobile":{"background-color":"var(--ast-global-color-5)","background-image":"","background-repeat":"repeat","background-position":"center center","background-size":"auto","background-attachment":"scroll","background-type":"","background-media":"","overlay-type":"","overlay-color":"","overlay-opacity":"","overlay-gradient":""}}},"product_brand":[],"product_cat":[25],"product_tag":[],"class_list":{"0":"post-1703","1":"product","2":"type-product","3":"status-publish","4":"has-post-thumbnail","6":"product_cat-calcium-silicate","7":"desktop-align-center","8":"tablet-align-left","9":"mobile-align-left","11":"first","12":"instock","13":"shipping-taxable","14":"product-type-simple"},"_links":{"self":[{"href":"https:\/\/yxwool.com\/fr\/wp-json\/wp\/v2\/product\/1703","targetHints":{"allow":["GET"]}}],"collection":[{"href":"https:\/\/yxwool.com\/fr\/wp-json\/wp\/v2\/product"}],"about":[{"href":"https:\/\/yxwool.com\/fr\/wp-json\/wp\/v2\/types\/product"}],"wp:featuredmedia":[{"embeddable":true,"href":"https:\/\/yxwool.com\/fr\/wp-json\/wp\/v2\/media\/1704"}],"wp:attachment":[{"href":"https:\/\/yxwool.com\/fr\/wp-json\/wp\/v2\/media?parent=1703"}],"wp:term":[{"taxonomy":"product_brand","embeddable":true,"href":"https:\/\/yxwool.com\/fr\/wp-json\/wp\/v2\/product_brand?post=1703"},{"taxonomy":"product_cat","embeddable":true,"href":"https:\/\/yxwool.com\/fr\/wp-json\/wp\/v2\/product_cat?post=1703"},{"taxonomy":"product_tag","embeddable":true,"href":"https:\/\/yxwool.com\/fr\/wp-json\/wp\/v2\/product_tag?post=1703"}],"curies":[{"name":"wp","href":"https:\/\/api.w.org\/{rel}","templated":true}]}}