{"id":1706,"date":"2023-07-18T13:39:00","date_gmt":"2023-07-18T13:39:00","guid":{"rendered":"http:\/\/yxwool.com\/?post_type=product&#038;p=1706"},"modified":"2023-08-01T03:33:20","modified_gmt":"2023-08-01T03:33:20","slug":"1706","status":"publish","type":"product","link":"https:\/\/yxwool.com\/fr\/produit\/1706\/","title":{"rendered":"Couverture en fibre de c\u00e9ramique au meilleur prix pour four"},"content":{"rendered":"<h3>Cat\u00e9gorie de produit:<\/h3>\n<ul>\n<li>Couverture en fibre c\u00e9ramique COM -1050<\/li>\n<li>Couverture en fibre c\u00e9ramique ST -1260<\/li>\n<li>Couverture en fibre c\u00e9ramique HP -1260<\/li>\n<li>Couverture en fibre c\u00e9ramique HA -1360<\/li>\n<li>Couverture en fibre c\u00e9ramique HAZ -1360<\/li>\n<\/ul>\n<h3>Sp\u00e9cifications techniques<\/h3>\n<table>\n<tbody>\n<tr>\n<td width=\"254\">Article Produit<\/td>\n<td width=\"191\">COM<\/td>\n<td width=\"191\">ST<\/td>\n<td width=\"192\">HP<\/td>\n<td width=\"192\">HA<\/td>\n<td width=\"190\">ZAT<\/td>\n<td width=\"169\">Hz<\/td>\n<\/tr>\n<tr>\n<td width=\"254\">Temp\u00e9rature de sp\u00e9cification(\u2103)<\/td>\n<td width=\"191\">1050<\/td>\n<td width=\"191\">1260<\/td>\n<td width=\"192\">1260<\/td>\n<td width=\"192\">1360<\/td>\n<td width=\"190\">1360<\/td>\n<td width=\"169\">1430<\/td>\n<\/tr>\n<tr>\n<td width=\"254\">Temps de travail(\u2103)<\/td>\n<td width=\"191\">950<\/td>\n<td width=\"191\">1050<\/td>\n<td width=\"192\">1100<\/td>\n<td width=\"192\">1200<\/td>\n<td width=\"190\">1280<\/td>\n<td width=\"169\">1350<\/td>\n<\/tr>\n<tr>\n<td width=\"254\">Couleur<\/td>\n<td width=\"191\">blanc<\/td>\n<td width=\"191\">blanc<\/td>\n<td width=\"192\">blanc<\/td>\n<td width=\"192\">blanc<\/td>\n<td width=\"190\">blanc<\/td>\n<td width=\"169\">blanc<\/td>\n<\/tr>\n<tr>\n<td width=\"254\">Densit\u00e9 (kg\/m3)<\/td>\n<td width=\"191\">64\/96\/\u00a0128\/160<\/td>\n<td width=\"191\">64\/96 \/\u00a0128\/160<\/td>\n<td width=\"192\">64\/96\/\u00a0128\/160<\/td>\n<td width=\"192\">64\/96\/128\/160<\/td>\n<td width=\"190\">64\/96\/128\/160<\/td>\n<td width=\"169\">64\/96\/128\/160<\/td>\n<\/tr>\n<tr>\n<td width=\"254\">Taux de doublure (%)<\/p>\n<p>\uff0824h \uff0cDensit\u00e9<\/p>\n<p>128kg\/m3\uff09<\/td>\n<td width=\"191\">-4<\/p>\n<p>(950\u2103)<\/td>\n<td width=\"191\">-3<\/p>\n<p>(1050\u2103)<\/td>\n<td width=\"192\">-3<\/p>\n<p>(1100\u2103)<\/td>\n<td width=\"192\">-3<\/p>\n<p>(1200\u2103)<\/td>\n<td width=\"190\">-3<\/p>\n<p>(1280\u2103)<\/td>\n<td width=\"169\">-3<\/p>\n<p>(1350\u2103)<\/td>\n<\/tr>\n<tr>\n<td width=\"254\">Taux de conductivit\u00e9 thermique (%)<\/p>\n<p>\uff08w\/mk\uff09\uff08Densit\u00e9 128kg\/m3\uff09<\/td>\n<td width=\"191\">&nbsp;<\/p>\n<p>0,09\uff08400\uff09 0,176\uff08800\uff09<\/td>\n<td width=\"191\">&nbsp;<\/p>\n<p>0,09\uff08400\uff09 0,176\uff08800\uff09<\/td>\n<td width=\"192\">&nbsp;<\/p>\n<p>0,09\uff08400\uff09<\/p>\n<p>0,22\uff081000\uff09<\/td>\n<td width=\"192\">&nbsp;<\/p>\n<p>0,132\uff08600\uff09 0,22\uff081000\uff09<\/td>\n<td width=\"190\">&nbsp;<\/p>\n<p>0,13\uff08600\uff09 0,22\uff081000\uff09<\/td>\n<td width=\"169\">&nbsp;<\/p>\n<p>0,76\uff08600\uff09 0,22\uff081000\uff09<\/td>\n<\/tr>\n<tr>\n<td width=\"254\">R\u00e9sistance \u00e0 la traction (MPa) (densit\u00e9 128kg\/m3)<\/td>\n<td width=\"191\">0,08\u20140,12<\/td>\n<td width=\"191\">0,08\u20140,12<\/td>\n<td width=\"192\">0,08\u20140,12<\/td>\n<td width=\"192\">0,08\u20140,12<\/td>\n<td width=\"190\">0,08\u20140,12<\/td>\n<td width=\"169\">0,08\u20140,12<\/td>\n<\/tr>\n<tr>\n<td width=\"254\">AL2O3 (%)<\/td>\n<td width=\"191\">42-44<\/td>\n<td width=\"191\">45-46<\/td>\n<td width=\"192\">47-49<\/td>\n<td width=\"192\">52-55<\/td>\n<td width=\"190\">45-46<\/td>\n<td width=\"169\">39-40<\/td>\n<\/tr>\n<tr>\n<td width=\"254\">AL2O3+SIO2 (%)<\/td>\n<td width=\"191\">96<\/td>\n<td width=\"191\">97<\/td>\n<td width=\"192\">99<\/td>\n<td width=\"192\">99<\/td>\n<td width=\"190\">&#8212;&#8212;&#8212;<\/td>\n<td width=\"169\">&#8212;&#8212;-<\/td>\n<\/tr>\n<tr>\n<td width=\"254\">AL2O3+SIO2+ZrO2<\/p>\n<p>%<\/td>\n<td width=\"191\">&nbsp;<\/p>\n<p>&#8212;&#8212;&#8212;-<\/td>\n<td width=\"191\">&nbsp;<\/p>\n<p>&#8212;&#8212;&#8212;<\/td>\n<td width=\"192\">&nbsp;<\/p>\n<p>&#8212;&#8212;&#8212;&#8211;<\/td>\n<td width=\"192\">&nbsp;<\/p>\n<p>&#8212;&#8212;&#8212;-<\/td>\n<td width=\"190\">99<\/td>\n<td width=\"169\">99<\/td>\n<\/tr>\n<tr>\n<td width=\"254\">ZrO2\uff08%\uff09<\/td>\n<td width=\"191\">&#8212;&#8212;&#8212;-<\/td>\n<td width=\"191\">&#8212;&#8212;&#8212;<\/td>\n<td width=\"192\">&#8212;&#8212;&#8212;&#8211;<\/td>\n<td width=\"192\">&#8212;&#8212;&#8212;-<\/td>\n<td width=\"190\">99<\/td>\n<td width=\"169\">99<\/td>\n<\/tr>\n<tr>\n<td width=\"254\">Fe2O3 (%)<\/td>\n<td width=\"191\">&lt;1,2<\/td>\n<td width=\"191\">&lt;1,0<\/td>\n<td width=\"192\">0.2<\/td>\n<td width=\"192\">0.2<\/td>\n<td width=\"190\">0.2<\/td>\n<td width=\"169\">0.2<\/td>\n<\/tr>\n<tr>\n<td width=\"254\">Na2O+K2O\uff08%\uff09<\/td>\n<td width=\"191\">\u22640.5<\/td>\n<td width=\"191\">\u22640.5<\/td>\n<td width=\"192\">0.2<\/td>\n<td width=\"192\">0.2<\/td>\n<td width=\"190\">0.2<\/td>\n<td width=\"169\">0.2<\/td>\n<\/tr>\n<tr>\n<td width=\"254\">Taille (MM)<\/td>\n<td colspan=\"6\" width=\"1128\">7200\/3600\u00d7610\u00d720\/25\/50<\/td>\n<\/tr>\n<\/tbody>\n<\/table>\n<p>&nbsp;<\/p>\n<h3>Description du produit:<\/h3>\n<p>Toutes sortes de fibres de soie d&#039;injection \/ rejet de fibres c\u00e9ramiques produites de type ordinaire, de type standard, de type haute puret\u00e9, contenant du coton de fibre c\u00e9ramique \u00e0 base de zirconium, par acupuncture, thermofixage et coupe verticale et horizontale, en jouant des processus faits.<\/p>\n<p>Avec une densit\u00e9 apparente, avec diff\u00e9rentes \u00e9paisseurs de couverture d&#039;acupuncture, pour fournir aux utilisateurs une large gamme de mat\u00e9riaux afin d&#039;obtenir la meilleure structure d&#039;isolation thermique et l&#039;efficacit\u00e9 \u00e9nerg\u00e9tique.<\/p>\n<p>Couverture en fibres de diam\u00e8tre uniforme en soie jet\u00e9e, longueur des fibres, boule de scories faible dans la mesure des fibres entrelac\u00e9es, anti-\u00e9tages, performance, \u00e9rosion \u00e9olienne, telles que les propri\u00e9t\u00e9s de flexibilit\u00e9 et de r\u00e9sistance \u00e0 la traction des deux une am\u00e9lioration globale, afin d&#039;am\u00e9liorer l&#039;aiguille performance d&#039;application de couverture, r\u00e9duisant la d\u00e9t\u00e9rioration des mat\u00e9riaux. Le rejet de couverture de fibre de soie n&#039;utilise aucun liant pour garantir que les produits dans une vari\u00e9t\u00e9 d&#039;environnements avec une bonne faisabilit\u00e9 et stabilit\u00e9.<\/p>\n<h3>Caract\u00e9ristiques du produit<\/h3>\n<p>&nbsp;<\/p>\n<ul>\n<li>Faible conductivit\u00e9 thermique, faible<\/li>\n<li>Excellente stabilit\u00e9 thermique et r\u00e9sistance aux chocs thermiques.<\/li>\n<li>Excellente r\u00e9sistance \u00e0 la traction.<\/li>\n<li>Excellente isolation, protection incendie, nature insonorisante.<\/li>\n<\/ul>\n<h3>\u00a0Applications du produit\u00a0:<\/h3>\n<ul>\n<li>Mat\u00e9riaux de construction de fours industriels, appareils de chauffage, rev\u00eatement mural de caloduc.<\/li>\n<li>Chaudi\u00e8res \u00e9lectriques, turbines \u00e0 gaz et isolation des centrales nucl\u00e9aires.<\/li>\n<li>R\u00e9actions chimiques \u00e0 haute temp\u00e9rature des \u00e9quipements industriels et des \u00e9quipements de chauffage tapissant les murs.<\/li>\n<li>Protection incendie des immeubles de grande hauteur, isolation thermique.<\/li>\n<li>Porte du four, isolation du toit.<\/li>\n<li>Mat\u00e9riau filtrant haute temp\u00e9rature.<\/li>\n<\/ul>","protected":false},"excerpt":{"rendered":"<p>Product Category: COM ceramic fiber blanket\u00a0\u00a0\u00a0\u00a0-1050 ST ceramic fiber blanket\u00a0\u00a0\u00a0-1260 HP ceramic fiber blanket\u00a0\u00a0\u00a0-1260 HA ceramic fiber blanket\u00a0\u00a0\u00a0\u00a0-1360 HAZ ceramic fiber blanket\u00a0\u00a0\u00a0\u00a0-1360 Technical Specifications Item Product COM ST HP HA HAZ HZ Specification Tem(\u2103) 1050 1260 1260 1360 1360 1430 Working\u00a0Tem(\u2103) 950 1050 1100 1200 1280 1350 Color white white white white white white Density\uff08kg\/m3\uff09 [&hellip;]<\/p>","protected":false},"featured_media":1707,"template":"","meta":{"site-sidebar-layout":"default","site-content-layout":"default","ast-site-content-layout":"","site-content-style":"default","site-sidebar-style":"default","ast-global-header-display":"","ast-banner-title-visibility":"","ast-main-header-display":"","ast-hfb-above-header-display":"","ast-hfb-below-header-display":"","ast-hfb-mobile-header-display":"","site-post-title":"","ast-breadcrumbs-content":"","ast-featured-img":"","footer-sml-layout":"","theme-transparent-header-meta":"default","adv-header-id-meta":"","stick-header-meta":"","header-above-stick-meta":"","header-main-stick-meta":"","header-below-stick-meta":"","astra-migrate-meta-layouts":"default","ast-page-background-enabled":"default","ast-page-background-meta":{"desktop":{"background-color":"","background-image":"","background-repeat":"repeat","background-position":"center center","background-size":"auto","background-attachment":"scroll","background-type":"","background-media":"","overlay-type":"","overlay-color":"","overlay-opacity":"","overlay-gradient":""},"tablet":{"background-color":"","background-image":"","background-repeat":"repeat","background-position":"center center","background-size":"auto","background-attachment":"scroll","background-type":"","background-media":"","overlay-type":"","overlay-color":"","overlay-opacity":"","overlay-gradient":""},"mobile":{"background-color":"","background-image":"","background-repeat":"repeat","background-position":"center center","background-size":"auto","background-attachment":"scroll","background-type":"","background-media":"","overlay-type":"","overlay-color":"","overlay-opacity":"","overlay-gradient":""}},"ast-content-background-meta":{"desktop":{"background-color":"var(--ast-global-color-5)","background-image":"","background-repeat":"repeat","background-position":"center center","background-size":"auto","background-attachment":"scroll","background-type":"","background-media":"","overlay-type":"","overlay-color":"","overlay-opacity":"","overlay-gradient":""},"tablet":{"background-color":"var(--ast-global-color-5)","background-image":"","background-repeat":"repeat","background-position":"center center","background-size":"auto","background-attachment":"scroll","background-type":"","background-media":"","overlay-type":"","overlay-color":"","overlay-opacity":"","overlay-gradient":""},"mobile":{"background-color":"var(--ast-global-color-5)","background-image":"","background-repeat":"repeat","background-position":"center center","background-size":"auto","background-attachment":"scroll","background-type":"","background-media":"","overlay-type":"","overlay-color":"","overlay-opacity":"","overlay-gradient":""}}},"product_brand":[],"product_cat":[24],"product_tag":[],"class_list":{"0":"post-1706","1":"product","2":"type-product","3":"status-publish","4":"has-post-thumbnail","6":"product_cat-ceramic-wool-2","7":"desktop-align-center","8":"tablet-align-left","9":"mobile-align-left","11":"first","12":"instock","13":"shipping-taxable","14":"product-type-simple"},"_links":{"self":[{"href":"https:\/\/yxwool.com\/fr\/wp-json\/wp\/v2\/product\/1706","targetHints":{"allow":["GET"]}}],"collection":[{"href":"https:\/\/yxwool.com\/fr\/wp-json\/wp\/v2\/product"}],"about":[{"href":"https:\/\/yxwool.com\/fr\/wp-json\/wp\/v2\/types\/product"}],"wp:featuredmedia":[{"embeddable":true,"href":"https:\/\/yxwool.com\/fr\/wp-json\/wp\/v2\/media\/1707"}],"wp:attachment":[{"href":"https:\/\/yxwool.com\/fr\/wp-json\/wp\/v2\/media?parent=1706"}],"wp:term":[{"taxonomy":"product_brand","embeddable":true,"href":"https:\/\/yxwool.com\/fr\/wp-json\/wp\/v2\/product_brand?post=1706"},{"taxonomy":"product_cat","embeddable":true,"href":"https:\/\/yxwool.com\/fr\/wp-json\/wp\/v2\/product_cat?post=1706"},{"taxonomy":"product_tag","embeddable":true,"href":"https:\/\/yxwool.com\/fr\/wp-json\/wp\/v2\/product_tag?post=1706"}],"curies":[{"name":"wp","href":"https:\/\/api.w.org\/{rel}","templated":true}]}}