{"id":1708,"date":"2023-07-18T13:46:18","date_gmt":"2023-07-18T13:46:18","guid":{"rendered":"http:\/\/yxwool.com\/?post_type=product&#038;p=1708"},"modified":"2023-08-01T03:30:39","modified_gmt":"2023-08-01T03:30:39","slug":"refractory-raw-material-ceramic-fiber-spun-cotton","status":"publish","type":"product","link":"https:\/\/yxwool.com\/fr\/produit\/refractory-raw-material-ceramic-fiber-spun-cotton\/","title":{"rendered":"Mati\u00e8re premi\u00e8re r\u00e9fractaire coton fil\u00e9 en fibre c\u00e9ramique"},"content":{"rendered":"<h3>cat\u00e9gorie de produit<\/h3>\n<ul>\n<li>Fibre c\u00e9ramique COM vrac -1050<\/li>\n<li>Fibre c\u00e9ramique ST vrac -1260<\/li>\n<li>Fibre c\u00e9ramique HP en vrac -1260<\/li>\n<li>Fibre c\u00e9ramique HA vrac -1360<\/li>\n<li>Fibre c\u00e9ramique HZ vrac -1430<\/li>\n<\/ul>\n<h3>Sp\u00e9cifications techniques<\/h3>\n<table>\n<tbody>\n<tr>\n<td width=\"369\">Article Produit<\/td>\n<td width=\"167\">COM<\/td>\n<td width=\"144\">ST<\/td>\n<td width=\"153\">HP<\/td>\n<td width=\"153\">HA<\/td>\n<td width=\"216\">Hz<\/td>\n<\/tr>\n<tr>\n<td width=\"369\">Temp\u00e9rature de classification(\u2103)<\/td>\n<td width=\"167\">1050<\/td>\n<td width=\"144\">1260<\/td>\n<td width=\"153\">1260<\/td>\n<td width=\"153\">1360<\/td>\n<td width=\"216\">1430<\/td>\n<\/tr>\n<tr>\n<td width=\"369\">Temps de travail(\u2103)<\/td>\n<td width=\"167\">950<\/td>\n<td width=\"144\">1050<\/td>\n<td width=\"153\">1100<\/td>\n<td width=\"153\">1200<\/td>\n<td width=\"216\">1350<\/td>\n<\/tr>\n<tr>\n<td width=\"369\">Couleur<\/td>\n<td width=\"167\">Blanc<\/td>\n<td width=\"144\">Blanc<\/td>\n<td width=\"153\">Blanc<\/td>\n<td width=\"153\">Blanc<\/td>\n<td width=\"216\">Blanc<\/td>\n<\/tr>\n<tr>\n<td width=\"369\">Fibre dia soufflant (um)<\/td>\n<td width=\"167\">2&#8211;3<\/td>\n<td width=\"144\">2&#8211;3<\/td>\n<td width=\"153\">2&#8211;3<\/td>\n<td width=\"153\">2&#8211;3<\/td>\n<td width=\"216\">2&#8211;3<\/td>\n<\/tr>\n<tr>\n<td width=\"369\">Diam\u00e8tre de la fibre Swing (hum)<\/td>\n<td width=\"167\">3\u20144,5<\/td>\n<td width=\"144\">3\u20144,5<\/td>\n<td width=\"153\">3\u20144,5<\/td>\n<td width=\"153\">3&#8211;4<\/td>\n<td width=\"216\">3&#8211;4<\/td>\n<\/tr>\n<tr>\n<td width=\"369\">AL2O3 (%)<\/td>\n<td width=\"167\">42&#8211;44<\/td>\n<td width=\"144\">45&#8211;46<\/td>\n<td width=\"153\">47&#8211;49<\/td>\n<td width=\"153\">52&#8211;55<\/td>\n<td width=\"216\">39&#8211;40<\/td>\n<\/tr>\n<tr>\n<td width=\"369\">AL2O3+SIO2 (%)<\/td>\n<td width=\"167\">96<\/td>\n<td width=\"144\">97<\/td>\n<td width=\"153\">99<\/td>\n<td width=\"153\">99<\/td>\n<td width=\"216\">&#8212;&#8212;-<\/td>\n<\/tr>\n<tr>\n<td width=\"369\">AL2O3+SIO2+ZrO2\uff08%\uff09<\/td>\n<td width=\"167\">&#8212;&#8212;&#8211;<\/td>\n<td width=\"144\">&#8212;&#8212;-<\/td>\n<td width=\"153\">&#8212;&#8212;-<\/td>\n<td width=\"153\">&#8212;&#8212;&#8211;<\/td>\n<td width=\"216\">99<\/td>\n<\/tr>\n<tr>\n<td width=\"369\">ZrO2\uff08%\uff09<\/td>\n<td width=\"167\">&#8212;&#8212;&#8211;<\/td>\n<td width=\"144\">&#8212;&#8212;-<\/td>\n<td width=\"153\">&#8212;&#8212;-<\/td>\n<td width=\"153\">&#8212;&#8212;&#8211;<\/td>\n<td width=\"216\">15&#8211;17<\/td>\n<\/tr>\n<tr>\n<td width=\"369\">Fe2O3 (%)<\/td>\n<td width=\"167\">&lt;1,2<\/td>\n<td width=\"144\">&lt;1,0<\/td>\n<td width=\"153\">0.2<\/td>\n<td width=\"153\">0.2<\/td>\n<td width=\"216\">0.2<\/td>\n<\/tr>\n<tr>\n<td width=\"369\">Na2O+K2O\uff08%\uff09<\/td>\n<td width=\"167\">&lt;0,5<\/td>\n<td width=\"144\">&lt;0,5<\/td>\n<td width=\"153\">0.2<\/td>\n<td width=\"153\">0.2<\/td>\n<td width=\"216\">0.2<\/td>\n<\/tr>\n<\/tbody>\n<\/table>\n<p>&nbsp;<\/p>\n<h3>Description du produit<\/h3>\n<p>Le coton en fibre c\u00e9ramique, le coton en fibre c\u00e9ramique g\u00e9n\u00e9ral \u00e0 travers les pierres pr\u00e9cieuses de coke fondu, le processus de production de soie par injection \/ rejet \u00e0 partir de la fibrillation. Coton de fibres c\u00e9ramiques \u00e0 haute puret\u00e9 et \u00e0 haute teneur en alumine \u00e0 travers l&#039;alumine fondue et le silic un m\u00e9lange, processus de production de soie par injection \/ rejet \u00e0 partir de la fibrillation. Du coton \u00e0 la fibre c\u00e9ramique de zirconium en passant par le m\u00e9lange fondu d&#039;alumine, de silice et de zircone, injection\/rejet d\u00e8s la production de fibre de soie. L&#039;utilisation de l&#039;injection dans le processus de production de fibres de coton en fibres c\u00e9ramiques pour les mati\u00e8res premi\u00e8res, fabriqu\u00e9es par un proc\u00e9d\u00e9 de formage sous vide Les textiles en fibres c\u00e9ramiques sont un rejet standard de fibres c\u00e9ramiques en coton soup\u00e7onn\u00e9 d&#039;un processus de traitement sp\u00e9cial, du traitement au traitement, de l&#039;uniformit\u00e9 du diam\u00e8tre des fibres, du taux de filature, et sont id\u00e9ales pour la production de mati\u00e8res premi\u00e8res textiles.<\/p>\n<h3>Caract\u00e9ristiques du produit<\/h3>\n<p>&nbsp;<\/p>\n<ul>\n<li>Faible capacit\u00e9 calorifique, faible conductivit\u00e9 thermique.<\/li>\n<li>Excellente stabilit\u00e9 chimique.<\/li>\n<li>Excellente stabilit\u00e9 thermique, la haute temp\u00e9rature n&#039;est pas une pulv\u00e9risation facile.<\/li>\n<li>Agents non liants et substances corrosives.<\/li>\n<li>Excellente nature insonorisante.<\/li>\n<\/ul>\n<h3>Applications du produit<\/h3>\n<ul>\n<li>Couverture en fibre et produits en carton de mati\u00e8res premi\u00e8res.<\/li>\n<li>Mat\u00e9riaux textiles en fibres.<\/li>\n<li>Four \u00e0 haute temp\u00e9rature, appareils de chauffage, le mur tapissant le remplisseur d&#039;espace.<\/li>\n<li>Produits de mati\u00e8res premi\u00e8res humides.<\/li>\n<li>Pulv\u00e9risation de fibres, coulable, frottis de mati\u00e8res premi\u00e8res.<\/li>\n<li>Coin et complexit\u00e9 du mat\u00e9riau isolant remplissant l&#039;espace.<\/li>\n<\/ul>","protected":false},"excerpt":{"rendered":"<p>Cat\u00e9gorie de produit COM fibre c\u00e9ramique en vrac -1050 ST fibre c\u00e9ramique en vrac -1260 HP fibre c\u00e9ramique en vrac -1260 HA fibre c\u00e9ramique en vrac -1360 HZ fibre c\u00e9ramique en vrac -1430 Sp\u00e9cifications techniques Article Produit COM ST HP HA HZ Classification Tem (\u2103) 1050 1260 1260 1360 1430 Temp\u00e9rature de fonctionnement (\u2103) 950 1050 1100 1200 1350 Couleur Blanc Blanc Blanc Blanc Blanc Diam\u00e8tre de la fibre souffl\u00e9e (um) 2\u20133 2\u20133 2\u20133 [\u2026]<\/p>","protected":false},"featured_media":1710,"template":"","meta":{"site-sidebar-layout":"default","site-content-layout":"default","ast-site-content-layout":"","site-content-style":"default","site-sidebar-style":"default","ast-global-header-display":"","ast-banner-title-visibility":"","ast-main-header-display":"","ast-hfb-above-header-display":"","ast-hfb-below-header-display":"","ast-hfb-mobile-header-display":"","site-post-title":"","ast-breadcrumbs-content":"","ast-featured-img":"","footer-sml-layout":"","theme-transparent-header-meta":"default","adv-header-id-meta":"","stick-header-meta":"","header-above-stick-meta":"","header-main-stick-meta":"","header-below-stick-meta":"","astra-migrate-meta-layouts":"default","ast-page-background-enabled":"default","ast-page-background-meta":{"desktop":{"background-color":"","background-image":"","background-repeat":"repeat","background-position":"center center","background-size":"auto","background-attachment":"scroll","background-type":"","background-media":"","overlay-type":"","overlay-color":"","overlay-opacity":"","overlay-gradient":""},"tablet":{"background-color":"","background-image":"","background-repeat":"repeat","background-position":"center center","background-size":"auto","background-attachment":"scroll","background-type":"","background-media":"","overlay-type":"","overlay-color":"","overlay-opacity":"","overlay-gradient":""},"mobile":{"background-color":"","background-image":"","background-repeat":"repeat","background-position":"center center","background-size":"auto","background-attachment":"scroll","background-type":"","background-media":"","overlay-type":"","overlay-color":"","overlay-opacity":"","overlay-gradient":""}},"ast-content-background-meta":{"desktop":{"background-color":"var(--ast-global-color-5)","background-image":"","background-repeat":"repeat","background-position":"center center","background-size":"auto","background-attachment":"scroll","background-type":"","background-media":"","overlay-type":"","overlay-color":"","overlay-opacity":"","overlay-gradient":""},"tablet":{"background-color":"var(--ast-global-color-5)","background-image":"","background-repeat":"repeat","background-position":"center center","background-size":"auto","background-attachment":"scroll","background-type":"","background-media":"","overlay-type":"","overlay-color":"","overlay-opacity":"","overlay-gradient":""},"mobile":{"background-color":"var(--ast-global-color-5)","background-image":"","background-repeat":"repeat","background-position":"center center","background-size":"auto","background-attachment":"scroll","background-type":"","background-media":"","overlay-type":"","overlay-color":"","overlay-opacity":"","overlay-gradient":""}}},"product_brand":[],"product_cat":[24],"product_tag":[],"class_list":{"0":"post-1708","1":"product","2":"type-product","3":"status-publish","4":"has-post-thumbnail","6":"product_cat-ceramic-wool-2","7":"desktop-align-center","8":"tablet-align-left","9":"mobile-align-left","11":"first","12":"instock","13":"shipping-taxable","14":"product-type-simple"},"_links":{"self":[{"href":"https:\/\/yxwool.com\/fr\/wp-json\/wp\/v2\/product\/1708","targetHints":{"allow":["GET"]}}],"collection":[{"href":"https:\/\/yxwool.com\/fr\/wp-json\/wp\/v2\/product"}],"about":[{"href":"https:\/\/yxwool.com\/fr\/wp-json\/wp\/v2\/types\/product"}],"wp:featuredmedia":[{"embeddable":true,"href":"https:\/\/yxwool.com\/fr\/wp-json\/wp\/v2\/media\/1710"}],"wp:attachment":[{"href":"https:\/\/yxwool.com\/fr\/wp-json\/wp\/v2\/media?parent=1708"}],"wp:term":[{"taxonomy":"product_brand","embeddable":true,"href":"https:\/\/yxwool.com\/fr\/wp-json\/wp\/v2\/product_brand?post=1708"},{"taxonomy":"product_cat","embeddable":true,"href":"https:\/\/yxwool.com\/fr\/wp-json\/wp\/v2\/product_cat?post=1708"},{"taxonomy":"product_tag","embeddable":true,"href":"https:\/\/yxwool.com\/fr\/wp-json\/wp\/v2\/product_tag?post=1708"}],"curies":[{"name":"wp","href":"https:\/\/api.w.org\/{rel}","templated":true}]}}