{"id":1711,"date":"2023-07-18T13:51:49","date_gmt":"2023-07-18T13:51:49","guid":{"rendered":"http:\/\/yxwool.com\/?post_type=product&#038;p=1711"},"modified":"2023-07-18T13:51:52","modified_gmt":"2023-07-18T13:51:52","slug":"sealing-braided-ceramic-rope","status":"publish","type":"product","link":"https:\/\/yxwool.com\/fr\/produit\/sealing-braided-ceramic-rope\/","title":{"rendered":"Corde en c\u00e9ramique tress\u00e9e d&#039;\u00e9tanch\u00e9it\u00e9"},"content":{"rendered":"<p><strong>Corde en fibre c\u00e9ramique<\/strong>\u00a0comprend une corde tress\u00e9e carr\u00e9e, une corde tress\u00e9e ronde et une corde torsad\u00e9e. Tous sont fabriqu\u00e9s \u00e0 partir de fibres c\u00e9ramiques de haute qualit\u00e9. La corde est renforc\u00e9e avec un filament de fibre de verre ou un fil d&#039;acier alli\u00e9. La corde renforc\u00e9e de filaments de fibre de verre peut fonctionner \u00e0 une temp\u00e9rature inf\u00e9rieure \u00e0 650C avec une propri\u00e9t\u00e9 d&#039;isolation \u00e9lectrique, tandis que le fil d&#039;acier alli\u00e9 peut fonctionner \u00e0 une temp\u00e9rature de 1100C avec une r\u00e9sistance plus \u00e9lev\u00e9e. Les textiles en fibres c\u00e9ramiques (tissu, ruban adh\u00e9sif et corde) contiennent une certaine quantit\u00e9 de mat\u00e9riau liant qui est normalement br\u00fbl\u00e9 \u00e0 basse temp\u00e9rature et n&#039;affecte pas la propri\u00e9t\u00e9 d&#039;isolation. Les trois styles diff\u00e9rents sont con\u00e7us pour r\u00e9pondre aux diff\u00e9rents besoins d&#039;application : la corde torsad\u00e9e est une corde souple. , tandis que la tresse carr\u00e9e et ronde est plus dense et solide.<\/p>\n<h3>Propri\u00e9t\u00e9 du produit<\/h3>\n<ul>\n<li>Isolation thermique<\/li>\n<li>Faible conductivit\u00e9 thermique<\/li>\n<li>Excellente propri\u00e9t\u00e9 de traction<\/li>\n<li>Temp\u00e9rature de travail \u00e9lev\u00e9e<\/li>\n<li>Excellentes performances d&#039;isolation \u00e9lectrique<\/li>\n<li>Excellente r\u00e9sistance aux acides, \u00e0 l&#039;huile et \u00e0 la vapeur d&#039;eau<\/li>\n<\/ul>\n<h3>Application<\/h3>\n<ul>\n<li>Rideau de four industriel \u00e0 haute temp\u00e9rature<\/li>\n<li>Isolation thermique du tuyau et du conteneur \u00e0 haute temp\u00e9rature<\/li>\n<li>Joint souple du tube de four de l&#039;industrie p\u00e9trochimique<\/li>\n<li>Protection de c\u00e2ble ou de conduite de carburant<\/li>\n<li>Mat\u00e9riaux de composite de protection haute temp\u00e9rature<\/li>\n<li>Paquet commun : 5kgs\/rouleau ; 50kgs\/sac tiss\u00e9 en plastique<\/li>\n<\/ul>\n<h3><strong><span data-spm-anchor-id=\"a2700.details.0.i41.369a6306osAqM3\">donn\u00e9es techniques\u00a0\u00a0<\/span><\/strong><\/h3>\n<table>\n<tbody>\n<tr>\n<td width=\"236\">Type de produit<\/td>\n<td colspan=\"2\" width=\"480\">1260\/1400<\/td>\n<td colspan=\"2\" width=\"600\">1260\/1400<\/td>\n<\/tr>\n<tr>\n<td width=\"236\">Nom du produit<\/td>\n<td colspan=\"2\" width=\"480\">Tissu en fibre c\u00e9ramique<\/td>\n<td colspan=\"2\" width=\"600\">Bande de fibre c\u00e9ramique<\/td>\n<\/tr>\n<tr>\n<td width=\"236\">Densit\u00e9<\/td>\n<td colspan=\"2\" width=\"480\">400\u2014550 550\u2014630<\/td>\n<td colspan=\"2\" width=\"600\">550<\/td>\n<\/tr>\n<tr>\n<td width=\"236\">sp\u00e9cification<\/td>\n<td colspan=\"2\" width=\"480\">3000*1000\/1500*2&#8212;10<\/td>\n<td colspan=\"2\" width=\"600\">3000*(20&#8212;150)*(2&#8212;10)<\/td>\n<\/tr>\n<tr>\n<td width=\"236\">Nom du produit<\/td>\n<td width=\"240\">Corde ronde en fibre c\u00e9ramique<\/td>\n<td width=\"240\">Corde torsad\u00e9e en fibre c\u00e9ramique<\/td>\n<td width=\"258\">Corde carr\u00e9e en fibre c\u00e9ramique<\/td>\n<td width=\"342\">Gaine en fibre c\u00e9ramique<\/td>\n<\/tr>\n<tr>\n<td width=\"236\">Densit\u00e9<\/td>\n<td width=\"240\">500&#8211;600<\/td>\n<td width=\"240\">500&#8211;600<\/td>\n<td width=\"258\">500&#8211;600<\/td>\n<td width=\"342\">300&#8211;500<\/td>\n<\/tr>\n<tr>\n<td width=\"236\">sp\u00e9cification<\/td>\n<td colspan=\"2\" width=\"480\">\u03a66\u2014100<\/td>\n<td width=\"258\">6*6&#8212;100*100<\/td>\n<td width=\"342\">Selon la commande<\/td>\n<\/tr>\n<\/tbody>\n<\/table>\n<p>&nbsp;<\/p>","protected":false},"excerpt":{"rendered":"<p>Les c\u00e2bles en fibre de c\u00e9ramique comprennent des c\u00e2bles tress\u00e9s carr\u00e9s, des c\u00e2bles tress\u00e9s ronds et des c\u00e2bles torsad\u00e9s. Tous sont fabriqu\u00e9s \u00e0 partir de mat\u00e9riaux en fibre de c\u00e9ramique de haute qualit\u00e9. Le c\u00e2ble est renforc\u00e9 par des filaments de fibre de verre ou un fil d&#039;acier alli\u00e9. Le c\u00e2ble renforc\u00e9 par des filaments de fibre de verre peut fonctionner \u00e0 une temp\u00e9rature inf\u00e9rieure \u00e0 650 \u00b0C avec une propri\u00e9t\u00e9 d&#039;isolation \u00e9lectrique, tandis que le fil d&#039;acier alli\u00e9 peut fonctionner \u00e0 une temp\u00e9rature inf\u00e9rieure \u00e0 650 \u00b0C.<\/p>","protected":false},"featured_media":1712,"template":"","meta":{"site-sidebar-layout":"default","site-content-layout":"default","ast-site-content-layout":"","site-content-style":"default","site-sidebar-style":"default","ast-global-header-display":"","ast-banner-title-visibility":"","ast-main-header-display":"","ast-hfb-above-header-display":"","ast-hfb-below-header-display":"","ast-hfb-mobile-header-display":"","site-post-title":"","ast-breadcrumbs-content":"","ast-featured-img":"","footer-sml-layout":"","theme-transparent-header-meta":"default","adv-header-id-meta":"","stick-header-meta":"","header-above-stick-meta":"","header-main-stick-meta":"","header-below-stick-meta":"","astra-migrate-meta-layouts":"default","ast-page-background-enabled":"default","ast-page-background-meta":{"desktop":{"background-color":"","background-image":"","background-repeat":"repeat","background-position":"center center","background-size":"auto","background-attachment":"scroll","background-type":"","background-media":"","overlay-type":"","overlay-color":"","overlay-opacity":"","overlay-gradient":""},"tablet":{"background-color":"","background-image":"","background-repeat":"repeat","background-position":"center center","background-size":"auto","background-attachment":"scroll","background-type":"","background-media":"","overlay-type":"","overlay-color":"","overlay-opacity":"","overlay-gradient":""},"mobile":{"background-color":"","background-image":"","background-repeat":"repeat","background-position":"center center","background-size":"auto","background-attachment":"scroll","background-type":"","background-media":"","overlay-type":"","overlay-color":"","overlay-opacity":"","overlay-gradient":""}},"ast-content-background-meta":{"desktop":{"background-color":"var(--ast-global-color-5)","background-image":"","background-repeat":"repeat","background-position":"center center","background-size":"auto","background-attachment":"scroll","background-type":"","background-media":"","overlay-type":"","overlay-color":"","overlay-opacity":"","overlay-gradient":""},"tablet":{"background-color":"var(--ast-global-color-5)","background-image":"","background-repeat":"repeat","background-position":"center center","background-size":"auto","background-attachment":"scroll","background-type":"","background-media":"","overlay-type":"","overlay-color":"","overlay-opacity":"","overlay-gradient":""},"mobile":{"background-color":"var(--ast-global-color-5)","background-image":"","background-repeat":"repeat","background-position":"center center","background-size":"auto","background-attachment":"scroll","background-type":"","background-media":"","overlay-type":"","overlay-color":"","overlay-opacity":"","overlay-gradient":""}}},"product_brand":[],"product_cat":[24],"product_tag":[],"class_list":{"0":"post-1711","1":"product","2":"type-product","3":"status-publish","4":"has-post-thumbnail","6":"product_cat-ceramic-wool-2","7":"desktop-align-center","8":"tablet-align-left","9":"mobile-align-left","11":"first","12":"instock","13":"shipping-taxable","14":"product-type-simple"},"_links":{"self":[{"href":"https:\/\/yxwool.com\/fr\/wp-json\/wp\/v2\/product\/1711","targetHints":{"allow":["GET"]}}],"collection":[{"href":"https:\/\/yxwool.com\/fr\/wp-json\/wp\/v2\/product"}],"about":[{"href":"https:\/\/yxwool.com\/fr\/wp-json\/wp\/v2\/types\/product"}],"wp:featuredmedia":[{"embeddable":true,"href":"https:\/\/yxwool.com\/fr\/wp-json\/wp\/v2\/media\/1712"}],"wp:attachment":[{"href":"https:\/\/yxwool.com\/fr\/wp-json\/wp\/v2\/media?parent=1711"}],"wp:term":[{"taxonomy":"product_brand","embeddable":true,"href":"https:\/\/yxwool.com\/fr\/wp-json\/wp\/v2\/product_brand?post=1711"},{"taxonomy":"product_cat","embeddable":true,"href":"https:\/\/yxwool.com\/fr\/wp-json\/wp\/v2\/product_cat?post=1711"},{"taxonomy":"product_tag","embeddable":true,"href":"https:\/\/yxwool.com\/fr\/wp-json\/wp\/v2\/product_tag?post=1711"}],"curies":[{"name":"wp","href":"https:\/\/api.w.org\/{rel}","templated":true}]}}