{"id":1822,"date":"2023-09-20T07:12:49","date_gmt":"2023-09-20T07:12:49","guid":{"rendered":"http:\/\/yxwool.com\/?post_type=product&#038;p=1822"},"modified":"2024-10-25T02:35:16","modified_gmt":"2024-10-25T02:35:16","slug":"rockwool-insulation-pipe-for-steam-pipe","status":"publish","type":"product","link":"https:\/\/yxwool.com\/fr\/produit\/rockwool-insulation-pipe-for-steam-pipe\/","title":{"rendered":"tuyau d&#039;isolation en laine de roche pour tuyau de vapeur"},"content":{"rendered":"<p><b style=\"font-style: inherit;\">YUXING<sup>\u00ae<\/sup> isolation en laine de roche <\/b><strong><b>Tuyau<\/b><\/strong>\u00a0<strong><b>Section<\/b><\/strong> est pr\u00e9form\u00e9 \u00e0 travers un moule pour le pipeline technique et industriel. Pour faciliter le processus d&#039;installation, il y a une d\u00e9coupe de joint sur un bord le long de l&#039;axe, ce qui permet \u00e9galement \u00e0 la section de tuyau de bien s&#039;adapter \u00e0 la conduite. La face ext\u00e9rieure de la section de tuyau peut \u00eatre polie pour obtenir une \u00e9paisseur d&#039;isolation constante et exacte dans toutes les directions ou recouverte d&#039;une feuille d&#039;aluminium sur demande.<\/p>\n<p><strong><b>Standard<\/b><\/strong>\u00a0<strong><b>Taille<\/b><\/strong><\/p>\n<table>\n<tbody>\n<tr>\n<td width=\"165\"><strong><b>P.<\/b><\/strong><strong><b>r<\/b><\/strong><strong><b>produit<\/b><\/strong>\u00a0<strong><b>Taper<\/b><\/strong><\/td>\n<td width=\"152\"><strong><b>PS<\/b><\/strong><strong><b>1<\/b><\/strong><strong><b>10<\/b><\/strong><\/td>\n<td width=\"146\"><strong><b>P.<\/b><\/strong><strong><b>S<\/b><\/strong><strong><b>120<\/b><\/strong><\/td>\n<td width=\"144\"><strong><b>P.<\/b><\/strong><strong><b>S<\/b><\/strong><strong><b>140<\/b><\/strong><\/td>\n<\/tr>\n<tr>\n<td width=\"165\">Diam\u00e8tre int\u00e9rieur, pouces<\/td>\n<td width=\"152\">1\/2~24<\/td>\n<td width=\"146\">1\/2~24<\/td>\n<td width=\"144\">1\/2~24<\/td>\n<\/tr>\n<tr>\n<td width=\"165\">Diam\u00e8tre int\u00e9rieur, mm<\/td>\n<td width=\"152\">22~610<\/td>\n<td width=\"146\">22~610<\/td>\n<td width=\"144\">22~610<\/td>\n<\/tr>\n<tr>\n<td width=\"165\">\u00c9paisseur \uff0c mm<\/td>\n<td width=\"152\">30~150<\/td>\n<td width=\"146\">30~150<\/td>\n<td width=\"144\">30~100<\/td>\n<\/tr>\n<tr>\n<td width=\"165\">Longueur, mm<\/td>\n<td colspan=\"3\" width=\"444\">910 ,1000<\/td>\n<\/tr>\n<\/tbody>\n<\/table>\n<p>D\u2019autres tailles ou densit\u00e9s peuvent \u00eatre disponibles sur demande.<\/p>\n<p>&nbsp;<\/p>\n<p><strong><b>Technique<\/b><\/strong>\u00a0<strong><b>Param\u00e8tres<\/b><\/strong><\/p>\n<p>&nbsp;<\/p>\n<table>\n<tbody>\n<tr>\n<td colspan=\"2\" width=\"140\"><strong><b>Propri\u00e9t\u00e9<\/b><\/strong><strong><b>oui<\/b><\/strong><\/td>\n<td width=\"94\"><strong><b>PS<\/b><\/strong><strong><b>1<\/b><\/strong><strong><b>10<\/b><\/strong><\/td>\n<td width=\"102\"><strong><b>P.<\/b><\/strong><strong><b>S<\/b><\/strong><strong><b>120<\/b><\/strong><\/td>\n<td width=\"95\"><strong><b>P.<\/b><\/strong><strong><b>S<\/b><\/strong><strong><b>140<\/b><\/strong><\/td>\n<td width=\"62\"><strong><b>U<\/b><\/strong><strong><b>lente<\/b><\/strong><\/td>\n<td width=\"114\"><strong><b>Sta<\/b><\/strong><strong><b>ndard<\/b><\/strong><\/td>\n<\/tr>\n<tr>\n<td rowspan=\"6\" width=\"84\">&nbsp;<\/p>\n<p>&nbsp;<\/p>\n<p>&nbsp;<\/p>\n<p>Thermique<\/p>\n<p>conductivit\u00e9<\/td>\n<td width=\"56\">50C<\/td>\n<td width=\"94\">0.039<\/td>\n<td width=\"102\">\u22640,039<\/td>\n<td width=\"95\">\u22640,039<\/td>\n<td rowspan=\"6\" width=\"62\">&nbsp;<\/p>\n<p>&nbsp;<\/p>\n<p>&nbsp;<\/p>\n<p>&nbsp;<\/p>\n<p>W\/(m\u2022K)<\/td>\n<td rowspan=\"6\" width=\"114\">&nbsp;<\/p>\n<p>&nbsp;<\/p>\n<p>GB\/T10294<\/p>\n<p>ASTM C518<\/p>\n<p>ASTM C177<\/td>\n<\/tr>\n<tr>\n<td width=\"56\">100C<\/td>\n<td width=\"94\">0.044<\/td>\n<td width=\"102\">0.044<\/td>\n<td width=\"95\">0.044<\/td>\n<\/tr>\n<tr>\n<td width=\"56\">150\u00b0C<\/td>\n<td width=\"94\">0.056<\/td>\n<td width=\"102\">0.052<\/td>\n<td width=\"95\">0.052<\/td>\n<\/tr>\n<tr>\n<td width=\"56\">200C<\/td>\n<td width=\"94\">0.072<\/td>\n<td width=\"102\">0.063<\/td>\n<td width=\"95\">0.061<\/td>\n<\/tr>\n<tr>\n<td width=\"56\">250C<\/td>\n<td width=\"94\">0.084<\/td>\n<td width=\"102\">0.072<\/td>\n<td width=\"95\">0.070<\/td>\n<\/tr>\n<tr>\n<td width=\"56\">300C<\/td>\n<td width=\"94\">0.095<\/td>\n<td width=\"102\">0.081<\/td>\n<td width=\"95\">0.078<\/td>\n<\/tr>\n<tr>\n<td colspan=\"2\" width=\"140\">Temp\u00e9rature de service maximale<\/td>\n<td width=\"94\">454<\/td>\n<td width=\"102\">650<\/td>\n<td width=\"95\">650<\/td>\n<td width=\"62\">C<\/td>\n<td width=\"114\">ASTM C411<\/td>\n<\/tr>\n<tr>\n<td colspan=\"2\" width=\"140\">Temp\u00e9rature de r\u00e9tr\u00e9cissement de la charge thermique<\/td>\n<td width=\"94\">400<\/td>\n<td width=\"102\">600<\/td>\n<td width=\"95\">600<\/td>\n<td width=\"62\">C<\/td>\n<td width=\"114\">GB\/T11835-2007<\/td>\n<\/tr>\n<tr>\n<td colspan=\"2\" width=\"140\">Retrait lin\u00e9aire<\/td>\n<td width=\"94\">\u22642<\/td>\n<td width=\"102\">\u22642<\/td>\n<td width=\"95\">\u22642<\/td>\n<td width=\"62\">%<\/td>\n<td width=\"114\">ASTM C356<\/td>\n<\/tr>\n<tr>\n<td colspan=\"2\" width=\"140\">Absorption d&#039;humidit\u00e9*<\/td>\n<td width=\"94\">\u22640,02<\/td>\n<td width=\"102\">\u22640,02<\/td>\n<td width=\"95\">0.02<\/td>\n<td width=\"62\">Vol%<\/td>\n<td width=\"114\">ASTM C1104M<\/td>\n<\/tr>\n<tr>\n<td colspan=\"2\" width=\"140\">Hydrofuge*<\/td>\n<td width=\"94\">99<\/td>\n<td width=\"102\">99<\/td>\n<td width=\"95\">99<\/td>\n<td width=\"62\">%<\/td>\n<td width=\"114\">GB\/T10299<\/td>\n<\/tr>\n<tr>\n<td colspan=\"2\" width=\"140\">Teneur en chlorure **<\/td>\n<td width=\"94\">\u2264 10<\/td>\n<td width=\"102\">\u2264 10<\/td>\n<td width=\"95\">\u2264 10<\/td>\n<td width=\"62\">mg\/kg<\/td>\n<td width=\"114\">ASTMC871<\/td>\n<\/tr>\n<tr>\n<td colspan=\"2\" width=\"140\">Densit\u00e9 nominale<\/td>\n<td width=\"94\">110<\/td>\n<td width=\"102\">120<\/td>\n<td width=\"95\">140<\/td>\n<td width=\"62\">Kg\/m3<\/td>\n<td width=\"114\"><\/td>\n<\/tr>\n<tr>\n<td colspan=\"2\" width=\"140\">Combustibilit\u00e9<\/p>\n<p>R\u00e9action au feu<\/td>\n<td colspan=\"3\" width=\"291\">A1<\/p>\n<p>Indice de propagation de la flamme &lt;25, indice de d\u00e9veloppement de fum\u00e9e &lt;50 Non combustible<\/td>\n<td width=\"62\">&nbsp;<\/p>\n<p>&#8212;<\/td>\n<td width=\"114\">GB\/T8624-2006<\/p>\n<p>ASTM E84<\/p>\n<p>ASTM E136<\/td>\n<\/tr>\n<\/tbody>\n<\/table>\n<p>&nbsp;<\/p>\n<table>\n<tbody>\n<tr>\n<td width=\"140\"><strong><b>Propri\u00e9t\u00e9<\/b><\/strong><strong><b>oui<\/b><\/strong><\/td>\n<td colspan=\"2\" width=\"90\"><strong><b>PS<\/b><\/strong><strong><b>1<\/b><\/strong><strong><b>10<\/b><\/strong><\/td>\n<td width=\"107\"><strong><b>P.<\/b><\/strong><strong><b>S<\/b><\/strong><strong><b>120<\/b><\/strong><\/td>\n<td width=\"93\"><strong><b>P.<\/b><\/strong><strong><b>S<\/b><\/strong><strong><b>140<\/b><\/strong><\/td>\n<td width=\"62\"><strong><b>U<\/b><\/strong><strong><b>lente<\/b><\/strong><\/td>\n<td width=\"114\"><strong><b>Sta<\/b><\/strong><strong><b>ndard<\/b><\/strong><\/td>\n<\/tr>\n<tr>\n<td width=\"140\">Contenu organique<\/td>\n<td width=\"87\">\u22644,0<\/td>\n<td colspan=\"2\" width=\"110\">\u22644,0<\/td>\n<td width=\"93\">\u22644,0<\/td>\n<td width=\"62\">%<\/td>\n<td width=\"114\">GB\/T11835-2007<\/td>\n<\/tr>\n<tr>\n<td width=\"140\">Environnement<\/td>\n<td colspan=\"4\" width=\"291\">Sans amiante, sans CFC, HCFC ou HFC<\/td>\n<td width=\"62\">&#8212;<\/td>\n<td width=\"114\">&#8212;<\/td>\n<\/tr>\n<\/tbody>\n<\/table>\n<p>*Uniquement applicable aux produits hydrofuges.<\/p>\n<p>**Uniquement pour les produits \u00e0 faible teneur en chlorure pour acier aust\u00e9nitique selon ASTM C795<\/p>\n<p>Les autres propri\u00e9t\u00e9s sont conformes aux normes GB\/T 11835-2007 et ASTM C547.<\/p>\n<p>&nbsp;<\/p>\n<p><strong><b>Emballer<\/b><\/strong>\u00a0<strong><b>et<\/b><\/strong>\u00a0<strong><b>Stockage<\/b><\/strong><\/p>\n<p>Section de tuyau normalement emball\u00e9e dans un sac PE, le diam\u00e8tre ext\u00e9rieur de la section de tuyau inf\u00e9rieur \u00e0 150 mm peut \u00eatre emball\u00e9 dans une bo\u00eete en carton.<\/p>\n<p>Il est pr\u00e9f\u00e9rable de stocker toutes les sections de tuyaux \u00e0 l\u2019int\u00e9rieur et hors sol avec leur emballage d\u2019origine. S&#039;il est stock\u00e9 \u00e0 l&#039;ext\u00e9rieur, il doit \u00eatre recouvert d&#039;un film imperm\u00e9able. Lors du stockage, il est sugg\u00e9r\u00e9 de conserver le support de section de tuyau avec pas plus de 2 couches.<\/p>\n<p><strong><b>UN<\/b><\/strong><strong><b>application<\/b><\/strong><\/p>\n<p><b style=\"font-style: inherit;\">YUXING<sup>\u00ae<\/sup> isolation en laine de roche <\/b><strong><b>Tuyau<\/b><\/strong>\u00a0<strong><b>Section <\/b><\/strong>L&#039;application principale est l&#039;isolation des canalisations dans les centrales anti-incendie, les centrales nucl\u00e9aires ou tout autre processus industriel pour l&#039;isolation thermique et acoustique, la protection humaine, \u00e9viter ou diminuer la condensation, pour am\u00e9liorer l&#039;efficacit\u00e9 \u00e9nerg\u00e9tique.<\/p>\n<p>&nbsp;<\/p>","protected":false},"excerpt":{"rendered":"<p><b style=\"font-style: inherit;\">YUXING<sup>\u00ae<\/sup> isolation en laine de roche <\/b><strong><b>Tuyau<\/b><\/strong>\u00a0<strong><b>Section <\/b><\/strong>L&#039;application principale est l&#039;isolation des canalisations dans les centrales anti-incendie, les centrales nucl\u00e9aires ou tout autre processus industriel pour l&#039;isolation thermique et acoustique, la protection humaine, \u00e9viter ou diminuer la condensation, pour am\u00e9liorer l&#039;efficacit\u00e9 \u00e9nerg\u00e9tique.<\/p>","protected":false},"featured_media":1505,"template":"","meta":{"site-sidebar-layout":"default","site-content-layout":"default","ast-site-content-layout":"default","site-content-style":"default","site-sidebar-style":"default","ast-global-header-display":"","ast-banner-title-visibility":"","ast-main-header-display":"","ast-hfb-above-header-display":"","ast-hfb-below-header-display":"","ast-hfb-mobile-header-display":"","site-post-title":"","ast-breadcrumbs-content":"","ast-featured-img":"","footer-sml-layout":"","theme-transparent-header-meta":"default","adv-header-id-meta":"","stick-header-meta":"","header-above-stick-meta":"","header-main-stick-meta":"","header-below-stick-meta":"","astra-migrate-meta-layouts":"set","ast-page-background-enabled":"default","ast-page-background-meta":{"desktop":{"background-color":"","background-image":"","background-repeat":"repeat","background-position":"center center","background-size":"auto","background-attachment":"scroll","background-type":"","background-media":"","overlay-type":"","overlay-color":"","overlay-opacity":"","overlay-gradient":""},"tablet":{"background-color":"","background-image":"","background-repeat":"repeat","background-position":"center center","background-size":"auto","background-attachment":"scroll","background-type":"","background-media":"","overlay-type":"","overlay-color":"","overlay-opacity":"","overlay-gradient":""},"mobile":{"background-color":"","background-image":"","background-repeat":"repeat","background-position":"center center","background-size":"auto","background-attachment":"scroll","background-type":"","background-media":"","overlay-type":"","overlay-color":"","overlay-opacity":"","overlay-gradient":""}},"ast-content-background-meta":{"desktop":{"background-color":"var(--ast-global-color-5)","background-image":"","background-repeat":"repeat","background-position":"center center","background-size":"auto","background-attachment":"scroll","background-type":"","background-media":"","overlay-type":"","overlay-color":"","overlay-opacity":"","overlay-gradient":""},"tablet":{"background-color":"var(--ast-global-color-5)","background-image":"","background-repeat":"repeat","background-position":"center center","background-size":"auto","background-attachment":"scroll","background-type":"","background-media":"","overlay-type":"","overlay-color":"","overlay-opacity":"","overlay-gradient":""},"mobile":{"background-color":"var(--ast-global-color-5)","background-image":"","background-repeat":"repeat","background-position":"center center","background-size":"auto","background-attachment":"scroll","background-type":"","background-media":"","overlay-type":"","overlay-color":"","overlay-opacity":"","overlay-gradient":""}}},"product_brand":[],"product_cat":[22],"product_tag":[],"class_list":{"0":"post-1822","1":"product","2":"type-product","3":"status-publish","4":"has-post-thumbnail","6":"product_cat-rock-wool","7":"desktop-align-center","8":"tablet-align-left","9":"mobile-align-left","11":"first","12":"instock","13":"shipping-taxable","14":"product-type-simple"},"_links":{"self":[{"href":"https:\/\/yxwool.com\/fr\/wp-json\/wp\/v2\/product\/1822","targetHints":{"allow":["GET"]}}],"collection":[{"href":"https:\/\/yxwool.com\/fr\/wp-json\/wp\/v2\/product"}],"about":[{"href":"https:\/\/yxwool.com\/fr\/wp-json\/wp\/v2\/types\/product"}],"wp:featuredmedia":[{"embeddable":true,"href":"https:\/\/yxwool.com\/fr\/wp-json\/wp\/v2\/media\/1505"}],"wp:attachment":[{"href":"https:\/\/yxwool.com\/fr\/wp-json\/wp\/v2\/media?parent=1822"}],"wp:term":[{"taxonomy":"product_brand","embeddable":true,"href":"https:\/\/yxwool.com\/fr\/wp-json\/wp\/v2\/product_brand?post=1822"},{"taxonomy":"product_cat","embeddable":true,"href":"https:\/\/yxwool.com\/fr\/wp-json\/wp\/v2\/product_cat?post=1822"},{"taxonomy":"product_tag","embeddable":true,"href":"https:\/\/yxwool.com\/fr\/wp-json\/wp\/v2\/product_tag?post=1822"}],"curies":[{"name":"wp","href":"https:\/\/api.w.org\/{rel}","templated":true}]}}