{"id":1823,"date":"2023-09-20T07:59:44","date_gmt":"2023-09-20T07:59:44","guid":{"rendered":"http:\/\/yxwool.com\/?post_type=product&#038;p=1823"},"modified":"2024-10-25T02:31:36","modified_gmt":"2024-10-25T02:31:36","slug":"marine-rock-wool-with-a60-ccs-abs-dnv-med-certificate","status":"publish","type":"product","link":"https:\/\/yxwool.com\/fr\/produit\/marine-rock-wool-with-a60-ccs-abs-dnv-med-certificate\/","title":{"rendered":"Laine de roche marine avec certificat A60 CCS, ABS, DNV, MED"},"content":{"rendered":"<p>Laine de roche marine avec certificat A60 CCS, ABS, DNV, MED<\/p>\n<p><img fetchpriority=\"high\" decoding=\"async\" class=\"alignleft size-large wp-image-1824\" src=\"http:\/\/yxwool.com\/wp-content\/uploads\/2023\/09\/QQ\u622a\u56fe20230920154515-1024x347.png\" alt=\"\" width=\"1024\" height=\"347\" srcset=\"https:\/\/yxwool.com\/wp-content\/uploads\/2023\/09\/QQ\u622a\u56fe20230920154515-1024x347.png 1024w, https:\/\/yxwool.com\/wp-content\/uploads\/2023\/09\/QQ\u622a\u56fe20230920154515-300x102.png 300w, https:\/\/yxwool.com\/wp-content\/uploads\/2023\/09\/QQ\u622a\u56fe20230920154515-768x260.png 768w, https:\/\/yxwool.com\/wp-content\/uploads\/2023\/09\/QQ\u622a\u56fe20230920154515-18x6.png 18w, https:\/\/yxwool.com\/wp-content\/uploads\/2023\/09\/QQ\u622a\u56fe20230920154515-600x203.png 600w, https:\/\/yxwool.com\/wp-content\/uploads\/2023\/09\/QQ\u622a\u56fe20230920154515.png 1142w\" sizes=\"(max-width: 1024px) 100vw, 1024px\" \/><\/p>\n<p>&nbsp;<\/p>\n<p>&nbsp;<\/p>\n<p>&nbsp;<\/p>\n<p>&nbsp;<\/p>\n<p>&nbsp;<\/p>\n<p><img decoding=\"async\" class=\"alignleft size-large wp-image-1825\" src=\"http:\/\/yxwool.com\/wp-content\/uploads\/2023\/09\/QQ\u622a\u56fe20230920154612-1024x267.jpg\" alt=\"\" width=\"1024\" height=\"267\" srcset=\"https:\/\/yxwool.com\/wp-content\/uploads\/2023\/09\/QQ\u622a\u56fe20230920154612-1024x267.jpg 1024w, https:\/\/yxwool.com\/wp-content\/uploads\/2023\/09\/QQ\u622a\u56fe20230920154612-300x78.jpg 300w, https:\/\/yxwool.com\/wp-content\/uploads\/2023\/09\/QQ\u622a\u56fe20230920154612-768x200.jpg 768w, https:\/\/yxwool.com\/wp-content\/uploads\/2023\/09\/QQ\u622a\u56fe20230920154612-18x5.jpg 18w, https:\/\/yxwool.com\/wp-content\/uploads\/2023\/09\/QQ\u622a\u56fe20230920154612-600x156.jpg 600w, https:\/\/yxwool.com\/wp-content\/uploads\/2023\/09\/QQ\u622a\u56fe20230920154612.jpg 1262w\" sizes=\"(max-width: 1024px) 100vw, 1024px\" \/><\/p>\n<p>&nbsp;<\/p>\n<p>&nbsp;<\/p>\n<p>&nbsp;<\/p>\n<p>&nbsp;<\/p>\n<p>&nbsp;<\/p>\n<p>&nbsp;<\/p>\n<p>&nbsp;<\/p>\n<p><strong>Construction de panneau marin A60 40mm-120kg\/m3\u00a0<\/strong><\/p>\n<p>\u25ce Plaque entre raidisseurs isol\u00e9e avec une couche de 40mm<\/p>\n<p>\u25ce Raidisseurs isol\u00e9s avec une couche de 40 mm<\/p>\n<p>\u25ce \u00c9paisseur de plaque d&#039;acier standard 4,5 (\u00b1 0,5) mm.<\/p>\n<p>\u25ce Isolations fix\u00e9es avec des broches de \u00d83 mm et des rondelles de \u00d830 mm \u00e0 une distance approximative de 300 mm\/345 mm.<\/p>\n<p><strong>Notes d&#039;application:<\/strong><\/p>\n<p>\u25ce Toutes les connexions doivent \u00eatre \u00e9tanches, sans espace d&#039;air.<\/p>\n<p>\u25ce L&#039;espace sous les raidisseurs doit \u00eatre compl\u00e8tement rempli d&#039;isolants<\/p>\n<p>\u25ce Les broches doivent d\u00e9passer l&#039;isolation d&#039;environ 10\u00a0mm.<\/p>\n<p>Fiche technique de la laine de roche marine A60 et A30<\/p>\n<table style=\"height: 1123px;\" width=\"763\">\n<tbody>\n<tr>\n<td width=\"147\"><strong><b>\u00a0<\/b><\/strong><\/p>\n<p><strong><b>\u00a0<\/b><\/strong><\/p>\n<p><strong><b>\u00a0<\/b><\/strong><\/p>\n<p><strong><b>\u00a0<\/b><\/strong><\/p>\n<p><strong><b>\u00a0<\/b><\/strong><\/p>\n<p><strong><b>\u00a0<\/b><\/strong><\/p>\n<p><strong><b>\u00a0<\/b><\/strong><\/p>\n<p><strong><b>Planche en laine de roche marine <\/b><\/strong><\/td>\n<td width=\"80\">S\u00e9rie A60<\/td>\n<td width=\"57\">temp\u00e9rature de travail.\u00a0:<\/p>\n<p>750 \u2103<\/td>\n<td width=\"90\">Densit\u00e9 :<\/p>\n<p>90 120kg\/m3<\/td>\n<td width=\"90\">Conductivit\u00e9 thermique :<\/p>\n<p>&lt;0.04w\/mk<\/td>\n<td width=\"147\">Taille :<\/p>\n<p>L*W(mm)\u00a0:<\/p>\n<p>1000*600<\/p>\n<p>910*605<\/p>\n<p>1200*600<\/p>\n<p>Sp\u00e9cification :<\/p>\n<p>40mm-120kg\/m3<\/p>\n<p>50mm-90kg\/m3<\/p>\n<p>65mm-120kg\/m3<\/p>\n<p>75mm-90kg\/m3<\/td>\n<td width=\"173\">Application:<\/p>\n<p>1. Cloison<\/p>\n<p>2.Pont<\/p>\n<p>3. Pi\u00e8ces de classement au feu A60 requises sur les navires ou en mer<\/td>\n<td width=\"172\">Certificat :<\/p>\n<p>ABS, CCS, MED, DNV, NK, KR, JG, LR<\/td>\n<\/tr>\n<tr>\n<td width=\"147\"><strong><b>\u00a0<\/b><\/strong><\/td>\n<td width=\"80\">S\u00e9rie A30<\/td>\n<td width=\"57\">Temp\u00e9rature de travail\u00a0:<\/p>\n<p>750 \u2103<\/td>\n<td width=\"90\">Densit\u00e9 :<\/p>\n<p>90 120kg\/m3<\/td>\n<td width=\"90\">Conductivit\u00e9 thermique :<\/p>\n<p>&lt;0.04w\/mk<\/td>\n<td width=\"147\">Taille :<\/p>\n<p>L*W(mm)\u00a0:<\/p>\n<p>1000*600<\/p>\n<p>910*605<\/p>\n<p>1200*600<\/p>\n<p>Sp\u00e9cification :<\/p>\n<p>50mm-120kg\/m3<\/p>\n<p>25mm-120kg\/m3<\/p>\n<p>&nbsp;<\/td>\n<td width=\"173\">Application:<\/p>\n<p>1. Cloison<\/p>\n<p>2.Pont<\/p>\n<p>3. Pi\u00e8ces de classement au feu A30 requises sur les navires ou en mer<\/td>\n<td width=\"172\">Certificat :<\/p>\n<p>ABS, CCS, MED, DNV, NK, KR, JG, LR<\/td>\n<\/tr>\n<\/tbody>\n<\/table>","protected":false},"excerpt":{"rendered":"<p>Marine rock wool with A60 CCS , ABS , DNV ,MED certificate &nbsp; &nbsp; &nbsp; &nbsp; &nbsp; &nbsp; &nbsp; &nbsp; &nbsp; &nbsp; &nbsp; &nbsp; Construction of 40mm-120kg\/m3 A60 Marine board\u00a0 \u25ce Plate between stiffeners insulated with one layer of 40mm \u25ce Stiffeners insulated with one layer of 40mm \u25ce Standard steel plate thickness 4.5(\u00b10.5)mm. \u25ce [&hellip;]<\/p>","protected":false},"featured_media":1458,"template":"","meta":{"site-sidebar-layout":"default","site-content-layout":"default","ast-site-content-layout":"default","site-content-style":"default","site-sidebar-style":"default","ast-global-header-display":"","ast-banner-title-visibility":"","ast-main-header-display":"","ast-hfb-above-header-display":"","ast-hfb-below-header-display":"","ast-hfb-mobile-header-display":"","site-post-title":"","ast-breadcrumbs-content":"","ast-featured-img":"","footer-sml-layout":"","theme-transparent-header-meta":"default","adv-header-id-meta":"","stick-header-meta":"","header-above-stick-meta":"","header-main-stick-meta":"","header-below-stick-meta":"","astra-migrate-meta-layouts":"set","ast-page-background-enabled":"default","ast-page-background-meta":{"desktop":{"background-color":"","background-image":"","background-repeat":"repeat","background-position":"center center","background-size":"auto","background-attachment":"scroll","background-type":"","background-media":"","overlay-type":"","overlay-color":"","overlay-opacity":"","overlay-gradient":""},"tablet":{"background-color":"","background-image":"","background-repeat":"repeat","background-position":"center center","background-size":"auto","background-attachment":"scroll","background-type":"","background-media":"","overlay-type":"","overlay-color":"","overlay-opacity":"","overlay-gradient":""},"mobile":{"background-color":"","background-image":"","background-repeat":"repeat","background-position":"center center","background-size":"auto","background-attachment":"scroll","background-type":"","background-media":"","overlay-type":"","overlay-color":"","overlay-opacity":"","overlay-gradient":""}},"ast-content-background-meta":{"desktop":{"background-color":"var(--ast-global-color-5)","background-image":"","background-repeat":"repeat","background-position":"center center","background-size":"auto","background-attachment":"scroll","background-type":"","background-media":"","overlay-type":"","overlay-color":"","overlay-opacity":"","overlay-gradient":""},"tablet":{"background-color":"var(--ast-global-color-5)","background-image":"","background-repeat":"repeat","background-position":"center center","background-size":"auto","background-attachment":"scroll","background-type":"","background-media":"","overlay-type":"","overlay-color":"","overlay-opacity":"","overlay-gradient":""},"mobile":{"background-color":"var(--ast-global-color-5)","background-image":"","background-repeat":"repeat","background-position":"center center","background-size":"auto","background-attachment":"scroll","background-type":"","background-media":"","overlay-type":"","overlay-color":"","overlay-opacity":"","overlay-gradient":""}}},"product_brand":[],"product_cat":[22],"product_tag":[],"class_list":{"0":"post-1823","1":"product","2":"type-product","3":"status-publish","4":"has-post-thumbnail","6":"product_cat-rock-wool","7":"desktop-align-center","8":"tablet-align-left","9":"mobile-align-left","11":"first","12":"instock","13":"shipping-taxable","14":"product-type-simple"},"_links":{"self":[{"href":"https:\/\/yxwool.com\/fr\/wp-json\/wp\/v2\/product\/1823","targetHints":{"allow":["GET"]}}],"collection":[{"href":"https:\/\/yxwool.com\/fr\/wp-json\/wp\/v2\/product"}],"about":[{"href":"https:\/\/yxwool.com\/fr\/wp-json\/wp\/v2\/types\/product"}],"wp:featuredmedia":[{"embeddable":true,"href":"https:\/\/yxwool.com\/fr\/wp-json\/wp\/v2\/media\/1458"}],"wp:attachment":[{"href":"https:\/\/yxwool.com\/fr\/wp-json\/wp\/v2\/media?parent=1823"}],"wp:term":[{"taxonomy":"product_brand","embeddable":true,"href":"https:\/\/yxwool.com\/fr\/wp-json\/wp\/v2\/product_brand?post=1823"},{"taxonomy":"product_cat","embeddable":true,"href":"https:\/\/yxwool.com\/fr\/wp-json\/wp\/v2\/product_cat?post=1823"},{"taxonomy":"product_tag","embeddable":true,"href":"https:\/\/yxwool.com\/fr\/wp-json\/wp\/v2\/product_tag?post=1823"}],"curies":[{"name":"wp","href":"https:\/\/api.w.org\/{rel}","templated":true}]}}