{"id":1849,"date":"2025-05-28T00:56:42","date_gmt":"2025-05-28T00:56:42","guid":{"rendered":"http:\/\/yxwool.com\/?post_type=product&#038;p=1849"},"modified":"2025-06-09T02:02:20","modified_gmt":"2025-06-09T02:02:20","slug":"china-rock-wool-factory","status":"publish","type":"product","link":"https:\/\/yxwool.com\/fr\/produit\/china-rock-wool-factory\/","title":{"rendered":"Usine de laine de roche en Chine"},"content":{"rendered":"<p><img fetchpriority=\"high\" decoding=\"async\" class=\"alignleft size-full wp-image-1492\" src=\"http:\/\/yxwool.com\/wp-content\/uploads\/2023\/07\/ce171456-1ab2-4d9d-9b11-2a4461da6cf7.jpg\" alt=\"\" width=\"650\" height=\"650\" srcset=\"https:\/\/yxwool.com\/wp-content\/uploads\/2023\/07\/ce171456-1ab2-4d9d-9b11-2a4461da6cf7.jpg 650w, https:\/\/yxwool.com\/wp-content\/uploads\/2023\/07\/ce171456-1ab2-4d9d-9b11-2a4461da6cf7-300x300.jpg 300w, https:\/\/yxwool.com\/wp-content\/uploads\/2023\/07\/ce171456-1ab2-4d9d-9b11-2a4461da6cf7-150x150.jpg 150w, https:\/\/yxwool.com\/wp-content\/uploads\/2023\/07\/ce171456-1ab2-4d9d-9b11-2a4461da6cf7-600x600.jpg 600w, https:\/\/yxwool.com\/wp-content\/uploads\/2023\/07\/ce171456-1ab2-4d9d-9b11-2a4461da6cf7-100x100.jpg 100w\" sizes=\"(max-width: 650px) 100vw, 650px\" \/><\/p>\n<p>&nbsp;<\/p>\n<p><img decoding=\"async\" class=\"size-full wp-image-1495\" src=\"http:\/\/yxwool.com\/wp-content\/uploads\/2023\/07\/3-7.jpg\" alt=\"Building thermal insulation basalt rock wool foil faced mineral wool materials insulation\" width=\"640\" height=\"640\" srcset=\"https:\/\/yxwool.com\/wp-content\/uploads\/2023\/07\/3-7.jpg 640w, https:\/\/yxwool.com\/wp-content\/uploads\/2023\/07\/3-7-300x300.jpg 300w, https:\/\/yxwool.com\/wp-content\/uploads\/2023\/07\/3-7-150x150.jpg 150w, https:\/\/yxwool.com\/wp-content\/uploads\/2023\/07\/3-7-600x600.jpg 600w, https:\/\/yxwool.com\/wp-content\/uploads\/2023\/07\/3-7-100x100.jpg 100w\" sizes=\"(max-width: 640px) 100vw, 640px\" \/><\/p>\n<p>Les panneaux de laine de roche (s\u00e9rie IB) offrent une excellente r\u00e9sistance, une bonne stabilit\u00e9 thermique et chimique. Ils offrent \u00e9galement d&#039;excellentes propri\u00e9t\u00e9s d&#039;absorption acoustique et de conservation de la chaleur, et sont class\u00e9s r\u00e9sistants au feu A1. Nous pouvons donc, selon la demande de nos clients, produire de la laine de roche imperm\u00e9able et \u00e0 faible teneur en chlorure, ainsi que des feuilles d&#039;aluminium, des toiles de verre, etc.<\/p>\n<p><strong>Panneau de laine de roche <\/strong><strong>Propri\u00e9t\u00e9<\/strong><strong>\u00a0<\/strong><\/p>\n<table>\n<tbody>\n<tr>\n<td colspan=\"2\" width=\"149\">Article<\/td>\n<td colspan=\"2\" width=\"66\">IB60<\/td>\n<td colspan=\"2\" width=\"57\">IB80<\/td>\n<td colspan=\"2\" width=\"58\">IB100<\/td>\n<td colspan=\"2\" width=\"58\">IB120<\/td>\n<td width=\"58\">IB150<\/td>\n<td colspan=\"2\" width=\"75\">Unit\u00e9<\/td>\n<td width=\"117\">Standard<\/td>\n<\/tr>\n<tr>\n<td rowspan=\"6\" width=\"96\">Conductivit\u00e9 thermique<\/td>\n<td width=\"53\">50\u2103<\/td>\n<td colspan=\"2\" width=\"66\">\u22640,040<\/td>\n<td colspan=\"2\" width=\"57\">\u22640,038<\/td>\n<td colspan=\"2\" width=\"58\">\u22640,038<\/td>\n<td colspan=\"2\" width=\"58\">\u22640,038<\/td>\n<td width=\"58\">\u22640,038<\/td>\n<td colspan=\"2\" rowspan=\"6\" width=\"75\">Avec (mk)<\/td>\n<td rowspan=\"6\" width=\"117\">GB\/T 10295<\/p>\n<p>ASTM C518<\/p>\n<p>ASTM C177<\/td>\n<\/tr>\n<tr>\n<td width=\"53\">100\u2103<\/td>\n<td colspan=\"2\" width=\"66\">\u22640,046<\/td>\n<td colspan=\"2\" width=\"57\">\u22640,045<\/td>\n<td colspan=\"2\" width=\"58\">\u22640,045<\/td>\n<td colspan=\"2\" width=\"58\">\u22640,045<\/td>\n<td width=\"58\">\u22640,045<\/td>\n<\/tr>\n<tr>\n<td width=\"53\">150\u2103<\/td>\n<td colspan=\"2\" width=\"66\">\u22640,060<\/td>\n<td colspan=\"2\" width=\"57\">\u22640,058<\/td>\n<td colspan=\"2\" width=\"58\">\u22640,056<\/td>\n<td colspan=\"2\" width=\"58\">\u22640,055<\/td>\n<td width=\"58\">\u22640,055<\/td>\n<\/tr>\n<tr>\n<td width=\"53\">200\u2103<\/td>\n<td colspan=\"2\" width=\"66\">\u22640,077<\/td>\n<td colspan=\"2\" width=\"57\">\u22640,071<\/td>\n<td colspan=\"2\" width=\"58\">\u22640,067<\/td>\n<td colspan=\"2\" width=\"58\">\u22640,064<\/td>\n<td width=\"58\">\u22640,062<\/td>\n<\/tr>\n<tr>\n<td width=\"53\">250\u2103<\/td>\n<td colspan=\"2\" width=\"66\">\u2264 0,095<\/td>\n<td colspan=\"2\" width=\"57\">\u22640,085<\/td>\n<td colspan=\"2\" width=\"58\">\u22640,080<\/td>\n<td colspan=\"2\" width=\"58\">\u22640,074<\/td>\n<td width=\"58\">\u22640,070<\/td>\n<\/tr>\n<tr>\n<td width=\"53\">300\u2103<\/td>\n<td colspan=\"2\" width=\"66\">\u22640,120<\/td>\n<td colspan=\"2\" width=\"57\">\u2264 0,099<\/td>\n<td colspan=\"2\" width=\"58\">\u2264 0,095<\/td>\n<td colspan=\"2\" width=\"58\">\u2264 0,090<\/td>\n<td width=\"58\">\u22640,085<\/td>\n<\/tr>\n<tr>\n<td colspan=\"2\" rowspan=\"2\" width=\"149\">Temp\u00e9rature de service la plus \u00e9lev\u00e9e<\/td>\n<td colspan=\"2\" width=\"66\">450<\/td>\n<td colspan=\"2\" width=\"57\">650<\/td>\n<td colspan=\"2\" width=\"58\">750<\/td>\n<td colspan=\"2\" width=\"58\">750<\/td>\n<td width=\"58\">750<\/td>\n<td colspan=\"2\" rowspan=\"2\" width=\"75\">\u2103<\/td>\n<td rowspan=\"2\" width=\"117\">ASTMC411<\/td>\n<\/tr>\n<tr>\n<td colspan=\"9\" width=\"300\">Mat\u00e9riau de rev\u00eatement<\/td>\n<\/tr>\n<tr>\n<td colspan=\"2\" width=\"149\">Temp\u00e9rature de retrait sous charge thermique<\/p>\n<p>&nbsp;<\/td>\n<td colspan=\"2\" width=\"66\">400<\/td>\n<td colspan=\"2\" width=\"57\">600<\/td>\n<td colspan=\"2\" width=\"58\">650<\/td>\n<td colspan=\"2\" width=\"58\">650<\/td>\n<td width=\"58\">650<\/td>\n<td colspan=\"2\" width=\"75\">\u2103<\/td>\n<td width=\"117\">GB\/T11835<\/td>\n<\/tr>\n<tr>\n<td colspan=\"2\" width=\"149\">Retrait lin\u00e9aire<\/td>\n<td colspan=\"2\" width=\"66\">\u22642<\/td>\n<td colspan=\"2\" width=\"57\">\u22642<\/td>\n<td colspan=\"2\" width=\"58\">\u22642<\/td>\n<td colspan=\"2\" width=\"58\">\u22642<\/td>\n<td width=\"58\">\u22642<\/td>\n<td colspan=\"2\" width=\"75\">%<\/td>\n<td width=\"117\">ASTMC356<\/td>\n<\/tr>\n<tr>\n<td colspan=\"2\" width=\"149\">Taux d&#039;absorption d&#039;humidit\u00e9 volumique<\/p>\n<p>&nbsp;<\/td>\n<td colspan=\"2\" width=\"66\">\u22640,02<\/td>\n<td colspan=\"2\" width=\"57\">\u22640,02<\/td>\n<td colspan=\"2\" width=\"58\">\u22640,02<\/td>\n<td colspan=\"2\" width=\"58\">\u22640,02<\/td>\n<td width=\"58\">\u22640,02<\/td>\n<td colspan=\"2\" width=\"75\">Vol%<\/td>\n<td width=\"117\">GB\/T 5480<\/p>\n<p>ASTMC1104M<\/td>\n<\/tr>\n<tr>\n<td colspan=\"2\" width=\"149\">Hydrophobicit\u00e9<\/td>\n<td colspan=\"2\" width=\"66\">\u226599<\/td>\n<td colspan=\"2\" width=\"57\">\u226599<\/td>\n<td colspan=\"2\" width=\"58\">\u226599<\/td>\n<td colspan=\"2\" width=\"58\">\u226599<\/td>\n<td width=\"58\">\u226599<\/td>\n<td colspan=\"2\" width=\"75\">%<\/td>\n<td width=\"117\"><\/td>\n<\/tr>\n<tr>\n<td colspan=\"2\" width=\"149\">\u203b Teneur en chlorure<\/td>\n<td colspan=\"2\" width=\"66\">\u226410<\/td>\n<td colspan=\"2\" width=\"57\">\u226410<\/td>\n<td colspan=\"2\" width=\"58\">\u226410<\/td>\n<td colspan=\"2\" width=\"58\">\u226410<\/td>\n<td width=\"58\">\u226410<\/td>\n<td colspan=\"2\" width=\"75\">Ppm<\/td>\n<td width=\"117\">ASTMC871<\/td>\n<\/tr>\n<tr>\n<td colspan=\"2\" width=\"149\">performances de combustion<\/td>\n<td colspan=\"11\" width=\"375\">non inflammable, classe A1<\/p>\n<p>Propagation des fum\u00e9es \u226450<\/p>\n<p>Propagation de la flamme \u2264 25<\/p>\n<p>&#8212;&#8211;<\/td>\n<td width=\"117\">GB 8624<\/p>\n<p>ASTM E136<\/p>\n<p>ASTM E84<\/td>\n<\/tr>\n<tr>\n<td colspan=\"2\" width=\"149\">contenu organique<\/td>\n<td width=\"60\">\u22642.0<\/td>\n<td colspan=\"2\" width=\"60\">\u22642.0<\/td>\n<td colspan=\"2\" width=\"60\">\u22642.0<\/td>\n<td colspan=\"2\" width=\"60\">\u22642.0<\/td>\n<td colspan=\"3\" width=\"60\">\u22642.0<\/td>\n<td width=\"74\">%<\/td>\n<td width=\"117\">GB\/T 11835<\/td>\n<\/tr>\n<tr>\n<td colspan=\"2\" width=\"149\">environnemental<\/td>\n<td colspan=\"10\" width=\"301\">Sans amiante, CFC, HCFC et HFC<\/td>\n<td width=\"74\">&#8212;&#8211;<\/p>\n<p>&nbsp;<\/td>\n<td width=\"117\">&#8212;&#8211;<\/p>\n<p>&nbsp;<\/td>\n<\/tr>\n<tr>\n<td colspan=\"2\" width=\"149\">corrosivit\u00e9<\/td>\n<td colspan=\"10\" width=\"301\">non corrosif<\/p>\n<p>&nbsp;<\/td>\n<td width=\"74\">&#8212;&#8212;<\/td>\n<td width=\"117\">ASTM C665<\/td>\n<\/tr>\n<\/tbody>\n<\/table>\n<p><strong>Panneau de laine de roche <\/strong><strong>sp\u00e9cification<\/strong><\/p>\n<table>\n<tbody>\n<tr>\n<td width=\"113\">Article<\/td>\n<td width=\"111\">IB60<\/td>\n<td width=\"106\">IB80<\/td>\n<td width=\"106\">IB100<\/td>\n<td width=\"117\">IB120<\/td>\n<td width=\"124\">IB150<\/td>\n<\/tr>\n<tr>\n<td width=\"113\">Densit\u00e9 (kg\/m3)<\/td>\n<td width=\"111\">60<\/td>\n<td width=\"106\">80<\/td>\n<td width=\"106\">100<\/td>\n<td width=\"117\">120<\/td>\n<td width=\"124\">150<\/td>\n<\/tr>\n<tr>\n<td width=\"113\">\u00c9paisseur (mm)<\/td>\n<td width=\"111\">40-150<\/td>\n<td width=\"106\">25-150<\/td>\n<td width=\"106\">25-150<\/td>\n<td width=\"117\">25-120<\/td>\n<td width=\"124\">25-100<\/td>\n<\/tr>\n<tr>\n<td width=\"113\">Taille (longueur * largeur), (mm)<\/td>\n<td colspan=\"5\" width=\"564\">1200*600<\/td>\n<\/tr>\n<\/tbody>\n<\/table>\n<p>&nbsp;<\/p>\n<p><strong>Application<\/strong><strong><b>\u00a0<\/b><\/strong><\/p>\n<p>La s\u00e9rie IB est largement utilis\u00e9e pour l&#039;isolation thermique et l&#039;absorption acoustique des tuyaux et r\u00e9servoirs de grande taille, des gros \u00e9quipements, des fours et des fours industriels.<\/p>","protected":false},"excerpt":{"rendered":"<p>&nbsp; Rock wool board (IB Series) have good strength and heat stability and chemical stability. Meanwhile, it has excellent sound absorption, heat preservation property and with A 1 fire-resistant\u00a0class.Then we can according\u00a0to clients demand,produce waterproof and Low chloride rock wool and faced aluminum\u00a0foil, glass\u00a0cloth and so on facing material Rock wool board Property\u00a0 Item IB60 [&hellip;]<\/p>","protected":false},"featured_media":1492,"template":"","meta":{"site-sidebar-layout":"default","site-content-layout":"","ast-site-content-layout":"default","site-content-style":"default","site-sidebar-style":"default","ast-global-header-display":"","ast-banner-title-visibility":"","ast-main-header-display":"","ast-hfb-above-header-display":"","ast-hfb-below-header-display":"","ast-hfb-mobile-header-display":"","site-post-title":"","ast-breadcrumbs-content":"","ast-featured-img":"","footer-sml-layout":"","ast-disable-related-posts":"","theme-transparent-header-meta":"default","adv-header-id-meta":"","stick-header-meta":"","header-above-stick-meta":"","header-main-stick-meta":"","header-below-stick-meta":"","astra-migrate-meta-layouts":"set","ast-page-background-enabled":"default","ast-page-background-meta":{"desktop":{"background-color":"","background-image":"","background-repeat":"repeat","background-position":"center center","background-size":"auto","background-attachment":"scroll","background-type":"","background-media":"","overlay-type":"","overlay-color":"","overlay-opacity":"","overlay-gradient":""},"tablet":{"background-color":"","background-image":"","background-repeat":"repeat","background-position":"center center","background-size":"auto","background-attachment":"scroll","background-type":"","background-media":"","overlay-type":"","overlay-color":"","overlay-opacity":"","overlay-gradient":""},"mobile":{"background-color":"","background-image":"","background-repeat":"repeat","background-position":"center center","background-size":"auto","background-attachment":"scroll","background-type":"","background-media":"","overlay-type":"","overlay-color":"","overlay-opacity":"","overlay-gradient":""}},"ast-content-background-meta":{"desktop":{"background-color":"var(--ast-global-color-5)","background-image":"","background-repeat":"repeat","background-position":"center center","background-size":"auto","background-attachment":"scroll","background-type":"","background-media":"","overlay-type":"","overlay-color":"","overlay-opacity":"","overlay-gradient":""},"tablet":{"background-color":"var(--ast-global-color-5)","background-image":"","background-repeat":"repeat","background-position":"center center","background-size":"auto","background-attachment":"scroll","background-type":"","background-media":"","overlay-type":"","overlay-color":"","overlay-opacity":"","overlay-gradient":""},"mobile":{"background-color":"var(--ast-global-color-5)","background-image":"","background-repeat":"repeat","background-position":"center center","background-size":"auto","background-attachment":"scroll","background-type":"","background-media":"","overlay-type":"","overlay-color":"","overlay-opacity":"","overlay-gradient":""}}},"product_brand":[],"product_cat":[22],"product_tag":[],"class_list":{"0":"post-1849","1":"product","2":"type-product","3":"status-publish","4":"has-post-thumbnail","6":"product_cat-rock-wool","7":"desktop-align-center","8":"tablet-align-left","9":"mobile-align-left","11":"first","12":"instock","13":"shipping-taxable","14":"product-type-simple"},"_links":{"self":[{"href":"https:\/\/yxwool.com\/fr\/wp-json\/wp\/v2\/product\/1849","targetHints":{"allow":["GET"]}}],"collection":[{"href":"https:\/\/yxwool.com\/fr\/wp-json\/wp\/v2\/product"}],"about":[{"href":"https:\/\/yxwool.com\/fr\/wp-json\/wp\/v2\/types\/product"}],"wp:featuredmedia":[{"embeddable":true,"href":"https:\/\/yxwool.com\/fr\/wp-json\/wp\/v2\/media\/1492"}],"wp:attachment":[{"href":"https:\/\/yxwool.com\/fr\/wp-json\/wp\/v2\/media?parent=1849"}],"wp:term":[{"taxonomy":"product_brand","embeddable":true,"href":"https:\/\/yxwool.com\/fr\/wp-json\/wp\/v2\/product_brand?post=1849"},{"taxonomy":"product_cat","embeddable":true,"href":"https:\/\/yxwool.com\/fr\/wp-json\/wp\/v2\/product_cat?post=1849"},{"taxonomy":"product_tag","embeddable":true,"href":"https:\/\/yxwool.com\/fr\/wp-json\/wp\/v2\/product_tag?post=1849"}],"curies":[{"name":"wp","href":"https:\/\/api.w.org\/{rel}","templated":true}]}}