{"id":1874,"date":"2025-07-20T08:51:28","date_gmt":"2025-07-20T08:51:28","guid":{"rendered":"http:\/\/yxwool.com\/?post_type=product&#038;p=1874"},"modified":"2026-03-11T06:48:46","modified_gmt":"2026-03-11T06:48:46","slug":"bio-soluble-sealing-braided-ceramic-fiber-tape","status":"publish","type":"product","link":"https:\/\/yxwool.com\/fr\/produit\/bio-soluble-sealing-braided-ceramic-fiber-tape\/","title":{"rendered":"Ruban d&#039;\u00e9tanch\u00e9it\u00e9 tress\u00e9 en fibre c\u00e9ramique biosoluble"},"content":{"rendered":"<div>Le ruban en fibre c\u00e9ramique biosoluble est un mat\u00e9riau isolant haute temp\u00e9rature. Voici une pr\u00e9sentation d\u00e9taill\u00e9e\u00a0:<\/div>\n<div><\/div>\n<div>Composition et fabrication\u00a0: Ce fil est fabriqu\u00e9 \u00e0 partir de fibres de silicate alcalino-terreux vitreux synth\u00e9tiques, principalement compos\u00e9es de CaO, MgO et SiO\u2082. Il est obtenu par filage et tissage. Des mat\u00e9riaux de renforcement tels que des fibres de verre ou des fils d&#039;alliage thermor\u00e9sistants peuvent \u00eatre ajout\u00e9s selon les conditions d&#039;utilisation.<\/div>\n<div><\/div>\n<div>Caract\u00e9ristiques de performance\u00a0: Excellente r\u00e9sistance aux hautes temp\u00e9ratures, avec une temp\u00e9rature de service continue allant jusqu&#039;\u00e0 1\u00a0050\u00a0\u00b0C et une temp\u00e9rature de service \u00e0 court terme allant jusqu&#039;\u00e0 1\u00a0260\u00a0\u00b0C. Bonne stabilit\u00e9 chimique, r\u00e9sistance \u00e0 la corrosion acide et alcaline, ainsi qu&#039;\u00e0 l&#039;\u00e9rosion des m\u00e9taux en fusion. Faible conductivit\u00e9 thermique, bonne absorption acoustique, faible accumulation de chaleur et haute r\u00e9sistance \u00e0 la traction. Biod\u00e9gradable, il est respectueux de l&#039;environnement et sans danger pour l&#039;homme.<\/div>\n<div><\/div>\n<div>Applications\u00a0: Largement utilis\u00e9 pour l&#039;isolation thermique des fours industriels, des pipelines et des conteneurs, il permet de r\u00e9duire les pertes de chaleur. Il peut \u00e9galement \u00eatre utilis\u00e9 pour l&#039;\u00e9tanch\u00e9it\u00e9 des portes, vannes et brides de four afin d&#039;\u00e9viter les fuites de fluide. Il est \u00e9galement souvent utilis\u00e9 comme mat\u00e9riau pour les portes et volets coupe-feu, jouant un r\u00f4le ignifuge. Il est \u00e9galement applicable \u00e0 l&#039;isolation thermique des moteurs et des instruments, contribuant ainsi \u00e0 prolonger la dur\u00e9e de vie des \u00e9quipements.<\/div>\n<p>&nbsp;<\/p>\n<h3><strong><span data-spm-anchor-id=\"a2700.details.0.i41.369a6306osAqM3\">donn\u00e9es techniques\u00a0\u00a0<\/span><\/strong><\/h3>\n<table>\n<tbody>\n<tr>\n<td width=\"236\">Type de produit<\/td>\n<td colspan=\"2\" width=\"480\">1260\/1400<\/td>\n<td colspan=\"2\" width=\"600\">1260\/1400<\/td>\n<\/tr>\n<tr>\n<td width=\"236\">Nom du produit<\/td>\n<td colspan=\"2\" width=\"480\">Tissu en fibre c\u00e9ramique<\/td>\n<td colspan=\"2\" width=\"600\">Bande de fibre c\u00e9ramique<\/td>\n<\/tr>\n<tr>\n<td width=\"236\">Densit\u00e9<\/td>\n<td colspan=\"2\" width=\"480\">400\u2014550 550\u2014630<\/td>\n<td colspan=\"2\" width=\"600\">550<\/td>\n<\/tr>\n<tr>\n<td width=\"236\">sp\u00e9cification<\/td>\n<td colspan=\"2\" width=\"480\">3000*1000\/1500*2&#8212;10<\/td>\n<td colspan=\"2\" width=\"600\">3000*(20&#8212;150)*(2&#8212;10)<\/td>\n<\/tr>\n<tr>\n<td width=\"236\">Nom du produit<\/td>\n<td width=\"240\">Corde ronde en fibre c\u00e9ramique<\/td>\n<td width=\"240\">Corde torsad\u00e9e en fibre c\u00e9ramique<\/td>\n<td width=\"258\">Corde carr\u00e9e en fibre c\u00e9ramique<\/td>\n<td width=\"342\">Gaine en fibre c\u00e9ramique<\/td>\n<\/tr>\n<tr>\n<td width=\"236\">Densit\u00e9<\/td>\n<td width=\"240\">500&#8211;600<\/td>\n<td width=\"240\">500&#8211;600<\/td>\n<td width=\"258\">500&#8211;600<\/td>\n<td width=\"342\">300&#8211;500<\/td>\n<\/tr>\n<tr>\n<td width=\"236\">sp\u00e9cification<\/td>\n<td colspan=\"2\" width=\"480\">\u03a66\u2014100<\/td>\n<td width=\"258\">6*6&#8212;100*100<\/td>\n<td width=\"342\">Selon la commande<\/td>\n<\/tr>\n<\/tbody>\n<\/table>\n<p>&nbsp;<\/p>","protected":false},"excerpt":{"rendered":"<p>Bio &#8211; soluble ceramic fiber tape is a kind of high &#8211; temperature insulating material. Here is a detailed introduction: \u2022Composition and production: It is made of man &#8211; made vitreous alkaline earth silicate fibers, mainly composed of CaO, MgO, and SiO\u2082. It is formed by spinning and weaving. According to different usage conditions, reinforcing [&hellip;]<\/p>","protected":false},"featured_media":1872,"template":"","meta":{"site-sidebar-layout":"default","site-content-layout":"default","ast-site-content-layout":"default","site-content-style":"default","site-sidebar-style":"default","ast-global-header-display":"","ast-banner-title-visibility":"","ast-main-header-display":"","ast-hfb-above-header-display":"","ast-hfb-below-header-display":"","ast-hfb-mobile-header-display":"","site-post-title":"","ast-breadcrumbs-content":"","ast-featured-img":"","footer-sml-layout":"","theme-transparent-header-meta":"default","adv-header-id-meta":"","stick-header-meta":"","header-above-stick-meta":"","header-main-stick-meta":"","header-below-stick-meta":"","astra-migrate-meta-layouts":"set","ast-page-background-enabled":"default","ast-page-background-meta":{"desktop":{"background-color":"","background-image":"","background-repeat":"repeat","background-position":"center center","background-size":"auto","background-attachment":"scroll","background-type":"","background-media":"","overlay-type":"","overlay-color":"","overlay-opacity":"","overlay-gradient":""},"tablet":{"background-color":"","background-image":"","background-repeat":"repeat","background-position":"center center","background-size":"auto","background-attachment":"scroll","background-type":"","background-media":"","overlay-type":"","overlay-color":"","overlay-opacity":"","overlay-gradient":""},"mobile":{"background-color":"","background-image":"","background-repeat":"repeat","background-position":"center center","background-size":"auto","background-attachment":"scroll","background-type":"","background-media":"","overlay-type":"","overlay-color":"","overlay-opacity":"","overlay-gradient":""}},"ast-content-background-meta":{"desktop":{"background-color":"var(--ast-global-color-5)","background-image":"","background-repeat":"repeat","background-position":"center center","background-size":"auto","background-attachment":"scroll","background-type":"","background-media":"","overlay-type":"","overlay-color":"","overlay-opacity":"","overlay-gradient":""},"tablet":{"background-color":"var(--ast-global-color-5)","background-image":"","background-repeat":"repeat","background-position":"center center","background-size":"auto","background-attachment":"scroll","background-type":"","background-media":"","overlay-type":"","overlay-color":"","overlay-opacity":"","overlay-gradient":""},"mobile":{"background-color":"var(--ast-global-color-5)","background-image":"","background-repeat":"repeat","background-position":"center center","background-size":"auto","background-attachment":"scroll","background-type":"","background-media":"","overlay-type":"","overlay-color":"","overlay-opacity":"","overlay-gradient":""}}},"product_brand":[],"product_cat":[24],"product_tag":[],"class_list":{"0":"post-1874","1":"product","2":"type-product","3":"status-publish","4":"has-post-thumbnail","6":"product_cat-ceramic-wool-2","7":"desktop-align-center","8":"tablet-align-left","9":"mobile-align-left","11":"first","12":"instock","13":"shipping-taxable","14":"product-type-simple"},"_links":{"self":[{"href":"https:\/\/yxwool.com\/fr\/wp-json\/wp\/v2\/product\/1874","targetHints":{"allow":["GET"]}}],"collection":[{"href":"https:\/\/yxwool.com\/fr\/wp-json\/wp\/v2\/product"}],"about":[{"href":"https:\/\/yxwool.com\/fr\/wp-json\/wp\/v2\/types\/product"}],"wp:featuredmedia":[{"embeddable":true,"href":"https:\/\/yxwool.com\/fr\/wp-json\/wp\/v2\/media\/1872"}],"wp:attachment":[{"href":"https:\/\/yxwool.com\/fr\/wp-json\/wp\/v2\/media?parent=1874"}],"wp:term":[{"taxonomy":"product_brand","embeddable":true,"href":"https:\/\/yxwool.com\/fr\/wp-json\/wp\/v2\/product_brand?post=1874"},{"taxonomy":"product_cat","embeddable":true,"href":"https:\/\/yxwool.com\/fr\/wp-json\/wp\/v2\/product_cat?post=1874"},{"taxonomy":"product_tag","embeddable":true,"href":"https:\/\/yxwool.com\/fr\/wp-json\/wp\/v2\/product_tag?post=1874"}],"curies":[{"name":"wp","href":"https:\/\/api.w.org\/{rel}","templated":true}]}}